{"id":6,"date":"2021-08-16T09:03:02","date_gmt":"2021-08-16T09:03:02","guid":{"rendered":"https:\/\/taizymachinery.com\/?page_id=6"},"modified":"2026-04-02T16:39:36","modified_gmt":"2026-04-02T08:39:36","slug":"about-us","status":"publish","type":"page","link":"https:\/\/taizymachinery.com\/vi\/about-us\/","title":{"rendered":"V\u1ec1 ch\u00fang t\u00f4i"},"content":{"rendered":"<div data-elementor-type=\"wp-page\" data-elementor-id=\"6\" class=\"elementor elementor-6\" data-elementor-post-type=\"page\"> \t\t\t\t<div class=\"elementor-element elementor-element-26fa917 e-flex e-con-boxed e-con e-parent\" data-id=\"26fa917\" data-element_type=\"container\" data-e-type=\"container\" data-settings=\"{&quot;background_background&quot;:&quot;classic&quot;}\"> \t\t\t\t\t<div class=\"e-con-inner\"> \t\t\t\t<div class=\"elementor-element elementor-element-5f2dab4 elementor-widget elementor-widget-tp-row-background\" data-id=\"5f2dab4\" data-element_type=\"widget\" data-e-type=\"widget\" data-widget_type=\"tp-row-background.default\"> \t\t\t\t\t<div id=\"pt-plus-row-settings\" class=\"pt-plus-row-set theplus_row69d6300dce416\" data-no=\"theplus_row69d6300dce416\"  data-section-hidden=\"inherit\"><div class=\"pt_plus_mordern_image_effects elementor-repeater-item-001b897 img001b8970  mobile-hide\" ><div class=\"\" ><img decoding=\"async\" src=\"https:\/\/taizymachinery.com\/wp-content\/uploads\/2021\/08\/shape.png\" class=\"mordern-image-effect morder_image_style\" alt=\"\" style=\"opacity:1;\"><\/div><\/div><style>.pt_plus_mordern_image_effects.img001b8970{top:20%;bottom:auto;left:30%;right:auto;margin: 0 auto;}@media (max-width:600px){.pt_plus_mordern_image_effects.img001b8970{top:25%;bottom:auto;left:auto;right:0%;margin: 0 auto;}}<\/style><\/div>\t\t\t\t<\/div> \t\t\t\t<div class=\"elementor-element elementor-element-23b6da4 text-left elementor-widget__width-initial elementor-widget elementor-widget-tp-heading-title\" data-id=\"23b6da4\" data-element_type=\"widget\" data-e-type=\"widget\" data-widget_type=\"tp-heading-title.default\"> \t\t\t\t\t<div class=\"heading heading_style heading_style69d649e40e493 style-1\" ><div class=\"sub-style\"  ><div class=\"head-title\" > <h2  class=\"heading-title\"   data-hover=\"Taizy \">taizy <span class=\"title-s\">  <\/span><\/h2><\/div><div class=\"sub-heading\"><h3 class=\"heading-sub-title\"> M\u00e1y m\u00f3c <\/h3><\/div><\/div><\/div>\t\t\t\t<\/div> \t\t\t\t<div class=\"elementor-element elementor-element-1d11d6b elementor-widget__width-initial elementor-widget elementor-widget-tp-adv-text-block\" data-id=\"1d11d6b\" data-element_type=\"widget\" data-e-type=\"widget\" data-widget_type=\"tp-adv-text-block.default\"> \t\t\t\t\t<div class=\"pt-plus-text-block-wrapper\" data-tp-gsap-textblock=\"\" ><div class=\"text_block_parallax\"><div class=\"pt_plus_adv_text_block\" ><div class=\"text-content-block\"><p>Nh\u00e0 s\u1ea3n xu\u1ea5t thi\u1ebft b\u1ecb ch\u1ebf bi\u1ebfn rau qu\u1ea3<\/p><\/div><\/div><\/div><\/div>\t\t\t\t<\/div> \t\t\t\t\t<\/div> \t\t\t\t<\/div> \t\t<div class=\"elementor-element elementor-element-2424df4 e-flex e-con-boxed e-con e-parent\" data-id=\"2424df4\" data-element_type=\"container\" data-e-type=\"container\" data-settings=\"{&quot;background_background&quot;:&quot;classic&quot;}\"> \t\t\t\t\t<div class=\"e-con-inner\"> \t\t<div class=\"elementor-element elementor-element-d039ef3 e-con-full e-flex e-con e-child\" data-id=\"d039ef3\" data-element_type=\"container\" data-e-type=\"container\"> \t\t\t\t<div class=\"elementor-element elementor-element-ae8cd74 elementor-widget elementor-widget-heading\" data-id=\"ae8cd74\" data-element_type=\"widget\" data-e-type=\"widget\" data-widget_type=\"heading.default\"> \t\t\t\t\t<h2 class=\"elementor-heading-title elementor-size-default\">T\u1eadp trung<\/h2>\t\t\t\t<\/div> \t\t\t\t<div class=\"elementor-element elementor-element-7d59463 elementor-widget elementor-widget-text-editor\" data-id=\"7d59463\" data-element_type=\"widget\" data-e-type=\"widget\" data-widget_type=\"text-editor.default\"> \t\t\t\t\t\t\t\t\t<p>T\u1eadp trung v\u00e0o nghi\u00ean c\u1ee9u ph\u00e1t tri\u1ec3n, s\u1ea3n xu\u1ea5t v\u00e0 kinh doanh thi\u1ebft b\u1ecb ch\u1ebf bi\u1ebfn rau qu\u1ea3<\/p>\t\t\t\t\t\t\t\t<\/div> \t\t\t\t<\/div> \t\t<div class=\"elementor-element elementor-element-1346edf e-con-full e-flex e-con e-child\" data-id=\"1346edf\" data-element_type=\"container\" data-e-type=\"container\"> \t\t\t\t<div class=\"elementor-element elementor-element-67d790b elementor-widget elementor-widget-heading\" data-id=\"67d790b\" data-element_type=\"widget\" data-e-type=\"widget\" data-widget_type=\"heading.default\"> \t\t\t\t\t<h2 class=\"elementor-heading-title elementor-size-default\">Chuy\u00ean nghi\u1ec7p<\/h2>\t\t\t\t<\/div> \t\t\t\t<div class=\"elementor-element elementor-element-5e4a764 elementor-widget elementor-widget-text-editor\" data-id=\"5e4a764\" data-element_type=\"widget\" data-e-type=\"widget\" data-widget_type=\"text-editor.default\"> \t\t\t\t\t\t\t\t\t<p>V\u1edbi \u0111\u1ed9i ng\u0169 k\u1ef9 thu\u1eadt chuy\u00ean nghi\u1ec7p v\u00e0 nh\u00e2n vi\u00ean b\u00e1n h\u00e0ng, h\u1eadu m\u00e3i ch\u00fang t\u00f4i s\u1ebd h\u1ebft l\u00f2ng cung c\u1ea5p cho b\u1ea1n nh\u1eefng s\u1ea3n ph\u1ea9m v\u00e0 d\u1ecbch v\u1ee5 chuy\u00ean nghi\u1ec7p<\/p>\t\t\t\t\t\t\t\t<\/div> \t\t\t\t<\/div> \t\t<div class=\"elementor-element elementor-element-a61104d e-con-full e-flex e-con e-child\" data-id=\"a61104d\" data-element_type=\"container\" data-e-type=\"container\"> \t\t\t\t<div class=\"elementor-element elementor-element-a31ac8d elementor-widget elementor-widget-heading\" data-id=\"a31ac8d\" data-element_type=\"widget\" data-e-type=\"widget\" data-widget_type=\"heading.default\"> \t\t\t\t\t<h2 class=\"elementor-heading-title elementor-size-default\">Tr\u1ea3 l\u1eddi nhanh<\/h2>\t\t\t\t<\/div> \t\t\t\t<div class=\"elementor-element elementor-element-3e575be elementor-widget elementor-widget-text-editor\" data-id=\"3e575be\" data-element_type=\"widget\" data-e-type=\"widget\" data-widget_type=\"text-editor.default\"> \t\t\t\t\t\t\t\t\t<p>Ch\u00fang t\u00f4i cung c\u1ea5p d\u1ecbch v\u1ee5 kh\u00e1ch h\u00e0ng 7 * 24 gi\u1edd, cung c\u1ea5p cho kh\u00e1ch h\u00e0ng c\u00e1c d\u1ecbch v\u1ee5 giao h\u00e0ng, t\u01b0 v\u1ea5n tr\u01b0\u1edbc v\u00e0 sau b\u00e1n h\u00e0ng cho c\u00e1c s\u1ea3n ph\u1ea9m thi\u1ebft b\u1ecb rau qu\u1ea3<\/p>\t\t\t\t\t\t\t\t<\/div> \t\t\t\t<\/div> \t\t\t\t\t<\/div> \t\t\t\t<\/div> \t\t<div class=\"elementor-element elementor-element-2703905 e-con-full e-flex e-con e-parent\" data-id=\"2703905\" data-element_type=\"container\" data-e-type=\"container\" data-settings=\"{&quot;background_background&quot;:&quot;classic&quot;}\"> \t\t<div class=\"elementor-element elementor-element-9363051 e-con-full e-flex e-con e-child\" data-id=\"9363051\" data-element_type=\"container\" data-e-type=\"container\"> \t\t\t\t<div class=\"elementor-element elementor-element-be8c74a elementor-widget elementor-widget-tp-adv-text-block\" data-id=\"be8c74a\" data-element_type=\"widget\" data-e-type=\"widget\" data-widget_type=\"tp-adv-text-block.default\"> \t\t\t\t\t<div class=\"pt-plus-text-block-wrapper\" data-tp-gsap-textblock=\"\" ><div class=\"text_block_parallax\"><div class=\"pt_plus_adv_text_block\" ><div class=\"text-content-block\">Nhi\u1ec7m v\u1ee5<\/div><\/div><\/div><\/div>\t\t\t\t<\/div> \t\t\t\t<div class=\"elementor-element elementor-element-9424308 elementor-widget elementor-widget-spacer\" data-id=\"9424308\" data-element_type=\"widget\" data-e-type=\"widget\" data-widget_type=\"spacer.default\"> \t\t\t\t\t\t\t<div class=\"elementor-spacer\"> \t\t\t<div class=\"elementor-spacer-inner\"><\/div> \t\t<\/div> \t\t\t\t\t\t<\/div> \t\t\t\t<div class=\"elementor-element elementor-element-037cd45 elementor-widget elementor-widget-tp-adv-text-block\" data-id=\"037cd45\" data-element_type=\"widget\" data-e-type=\"widget\" data-widget_type=\"tp-adv-text-block.default\"> \t\t\t\t\t<div class=\"pt-plus-text-block-wrapper\" data-tp-gsap-textblock=\"\" ><div class=\"text_block_parallax\"><div class=\"pt_plus_adv_text_block\" ><div class=\"text-content-block\"><p class=\"translation-block\"><strong>\u0110\u1ec3 m\u00e1y m\u00f3c Trung Qu\u1ed1c thay \u0111\u1ed5i m\u1ecdi n\u01a1i tr\u00ean th\u1ebf gi\u1edbi. <\/strong><\/p><p>Ch\u00fang t\u00f4i cam k\u1ebft s\u1eed d\u1ee5ng m\u00e1y m\u00f3c c\u1ee7a m\u00ecnh \u0111\u1ec3 thay \u0111\u1ed5i qu\u00e1 tr\u00ecnh s\u1ea3n xu\u1ea5t v\u00e0 l\u1ed1i s\u1ed1ng c\u1ee7a kh\u00e1ch h\u00e0ng \u0111\u1ec3 kh\u00e1ch h\u00e0ng c\u00f3 th\u1ec3 thu \u0111\u01b0\u1ee3c l\u1ee3i nhu\u1eadn v\u00e0 c\u00f9ng ph\u00e1t tri\u1ec3n v\u1edbi kh\u00e1ch h\u00e0ng.<\/p><\/div><\/div><\/div><\/div>\t\t\t\t<\/div> \t\t\t\t<\/div> \t\t<div class=\"elementor-element elementor-element-a25d886 e-con-full e-flex e-con e-child\" data-id=\"a25d886\" data-element_type=\"container\" data-e-type=\"container\"> \t\t\t\t<div class=\"elementor-element elementor-element-8800d0c elementor-widget elementor-widget-spacer\" data-id=\"8800d0c\" data-element_type=\"widget\" data-e-type=\"widget\" data-widget_type=\"spacer.default\"> \t\t\t\t\t\t\t<div class=\"elementor-spacer\"> \t\t\t<div class=\"elementor-spacer-inner\"><\/div> \t\t<\/div> \t\t\t\t\t\t<\/div> \t\t\t\t<div class=\"elementor-element elementor-element-23b2870 elementor-widget elementor-widget-tp-info-box\" data-id=\"23b2870\" data-element_type=\"widget\" data-e-type=\"widget\" data-widget_type=\"tp-info-box.default\"> \t\t\t\t\t<div id=\"info_box69d6300dd4705\" class=\"pt_plus_info_box hover_normal    info_box69d6300dd4705 info-box-style_1\"  data-id=\"info_box69d6300dd4705\"    dir= \"data-connection=\"\"\" data-eventtype=\"\" ><div class=\"post-inner-loop\"><div class=\"info-box-inner content_hover_effect  tp-info-nc\"   ><div class=\"info-box-bg-box\"><div class=\"service-media text-left\"><div class=\"m-r-16  service-img-border\"  style=\"border-color: #252525;\"> <div class=\"service-icon-wrap\"><i class=\"fa fa-bank service-icon  icon-squre\"><\/i><\/div> <\/div><div class=\"service-content\"><div class=\"service-title\"> T\u1ea7m nh\u00ecn <\/div><div class=\"service-border\"> <\/div><div class=\"service-desc\"> <p class=\"translation-block\"><strong>T\u1ea1o n\u1ec1n t\u1ea3ng t\u1ed1t nh\u1ea5t \u0111\u1ec3 nh\u00e2n vi\u00ean ph\u00e1t tri\u1ec3n.<\/strong><\/p><p>Ch\u00fang t\u00f4i tin v\u00e0o kh\u00e1i ni\u1ec7m h\u01b0\u1edbng \u0111\u1ebfn con ng\u01b0\u1eddi v\u00e0 ch\u1ec9 b\u1eb1ng c\u00e1ch gi\u00fap m\u1ecdi nh\u00e2n vi\u00ean ph\u00e1t tri\u1ec3n, c\u00f4ng ty m\u1edbi c\u00f3 th\u1ec3 ph\u00e1t tri\u1ec3n v\u00e0 l\u1edbn m\u1ea1nh.<\/p> <\/div><\/div><\/div><div class=\"infobox-overlay-color\"><\/div><\/div><\/div><\/div><\/div>\t\t\t\t<\/div> \t\t\t\t<div class=\"elementor-element elementor-element-f2ba10f elementor-widget elementor-widget-spacer\" data-id=\"f2ba10f\" data-element_type=\"widget\" data-e-type=\"widget\" data-widget_type=\"spacer.default\"> \t\t\t\t\t\t\t<div class=\"elementor-spacer\"> \t\t\t<div class=\"elementor-spacer-inner\"><\/div> \t\t<\/div> \t\t\t\t\t\t<\/div> \t\t\t\t<\/div> \t\t\t\t<\/div> \t\t<div class=\"elementor-element elementor-element-2d3088d e-con-full e-flex e-con e-parent\" data-id=\"2d3088d\" data-element_type=\"container\" data-e-type=\"container\" data-settings=\"{&quot;background_background&quot;:&quot;classic&quot;}\"> \t\t<div class=\"elementor-element elementor-element-d75050c e-con-full e-flex e-con e-child\" data-id=\"d75050c\" data-element_type=\"container\" data-e-type=\"container\" data-settings=\"{&quot;background_background&quot;:&quot;classic&quot;}\"> \t\t\t\t<div class=\"elementor-element elementor-element-3cb256e elementor-widget elementor-widget-spacer\" data-id=\"3cb256e\" data-element_type=\"widget\" data-e-type=\"widget\" data-widget_type=\"spacer.default\"> \t\t\t\t\t\t\t<div class=\"elementor-spacer\"> \t\t\t<div class=\"elementor-spacer-inner\"><\/div> \t\t<\/div> \t\t\t\t\t\t<\/div> \t\t\t\t<\/div> \t\t<div class=\"elementor-element elementor-element-7edc168 e-con-full e-flex e-con e-child\" data-id=\"7edc168\" data-element_type=\"container\" data-e-type=\"container\"> \t\t\t\t<div class=\"elementor-element elementor-element-c8b7535 elementor-widget elementor-widget-spacer\" data-id=\"c8b7535\" data-element_type=\"widget\" data-e-type=\"widget\" data-widget_type=\"spacer.default\"> \t\t\t\t\t\t\t<div class=\"elementor-spacer\"> \t\t\t<div class=\"elementor-spacer-inner\"><\/div> \t\t<\/div> \t\t\t\t\t\t<\/div> \t\t\t\t<div class=\"elementor-element elementor-element-daab36c text-left elementor-widget elementor-widget-tp-heading-title\" data-id=\"daab36c\" data-element_type=\"widget\" data-e-type=\"widget\" data-widget_type=\"tp-heading-title.default\"> \t\t\t\t\t<div class=\"heading heading_style heading_style69d649e410e37 style-1\" ><div class=\"sub-style\"  ><div class=\"head-title\" > <h2  class=\"heading-title\"   data-hover=\"Our \">C\u1ee7a ch\u00fang t\u00f4i <span class=\"title-s\"> L\u1ecbch s\u1eed <\/span><\/h2><\/div><\/div><\/div>\t\t\t\t<\/div> \t\t\t\t<div class=\"elementor-element elementor-element-9996b31 elementor-widget elementor-widget-tp-adv-text-block\" data-id=\"9996b31\" data-element_type=\"widget\" data-e-type=\"widget\" data-widget_type=\"tp-adv-text-block.default\"> \t\t\t\t\t<div class=\"pt-plus-text-block-wrapper\" data-tp-gsap-textblock=\"\" ><div class=\"text_block_parallax\"><div class=\"pt_plus_adv_text_block\" ><div class=\"text-content-block\"><p>C\u00f4ng ty TNHH Thi\u1ebft b\u1ecb M\u00e1y m\u00f3c Taizy \u0111\u01b0\u1ee3c th\u00e0nh l\u1eadp v\u00e0o n\u0103m 2011, l\u00e0 nh\u00e0 s\u1ea3n xu\u1ea5t thi\u1ebft b\u1ecb ch\u1ebf bi\u1ebfn rau qu\u1ea3.<\/p><p>Hi\u1ec7n nay, Taizy Machinery ch\u1ee7 y\u1ebfu cung c\u1ea5p thi\u1ebft b\u1ecb ch\u1ebf bi\u1ebfn rau qu\u1ea3. Bao g\u1ed3m thi\u1ebft b\u1ecb l\u00e0m s\u1ea1ch rau c\u1ee7 qu\u1ea3, thi\u1ebft b\u1ecb c\u1eaft rau c\u1ee7 qu\u1ea3, thi\u1ebft b\u1ecb \u00e9p n\u01b0\u1edbc \u00e9p tr\u00e1i c\u00e2y, thi\u1ebft b\u1ecb s\u1ea5y kh\u00f4 rau c\u1ee7 qu\u1ea3,.. Ngo\u00e0i ra Taizy c\u00f2n cung c\u1ea5p c\u00e1c d\u00e2y chuy\u1ec1n s\u1ea3n xu\u1ea5t rau c\u1ee7 qu\u1ea3 nh\u01b0 d\u00e2y chuy\u1ec1n r\u1eeda s\u1ea5y, r\u1eeda v\u00e0 c\u1eaft bao b\u00ec rau qu\u1ea3 d\u00e2y chuy\u1ec1n s\u1ea3n xu\u1ea5t, d\u00e2y chuy\u1ec1n s\u1ea3n xu\u1ea5t gi\u1eb7t v\u00e0 s\u1ea5y kh\u00f4, v.v.<\/p><\/div><\/div><\/div><\/div>\t\t\t\t<\/div> \t\t\t\t<div class=\"elementor-element elementor-element-0b1d869 elementor-widget elementor-widget-tp-adv-text-block\" data-id=\"0b1d869\" data-element_type=\"widget\" data-e-type=\"widget\" data-widget_type=\"tp-adv-text-block.default\"> \t\t\t\t\t<div class=\"pt-plus-text-block-wrapper\" data-tp-gsap-textblock=\"\" ><div class=\"text_block_parallax\"><div class=\"pt_plus_adv_text_block\" ><div class=\"text-content-block\"><p>Taizy Machinery cam k\u1ebft cung c\u1ea5p c\u00e1c s\u1ea3n ph\u1ea9m c\u01a1 kh\u00ed ch\u1ea5t l\u01b0\u1ee3ng cao v\u00e0 d\u1ecbch v\u1ee5 ho\u00e0n h\u1ea3o cho kh\u00e1ch h\u00e0ng tr\u00ean to\u00e0n th\u1ebf gi\u1edbi. H\u00e3y \u0111\u1ec3 m\u00e1y m\u00f3c t\u1ef1 \u0111\u1ed9ng lan r\u1ed9ng kh\u1eafp th\u1ebf gi\u1edbi, thay \u0111\u1ed5i c\u00e1ch s\u1ea3n xu\u1ea5t v\u00e0 l\u1ed1i s\u1ed1ng c\u1ee7a kh\u00e1ch h\u00e0ng. K\u1ec3 t\u1eeb khi th\u00e0nh l\u1eadp, Taizy lu\u00f4n tu\u00e2n th\u1ee7 kh\u00e1i ni\u1ec7m n\u00e0y v\u00e0 \u0111\u00e3 tuy\u1ec3n d\u1ee5ng r\u1ed9ng r\u00e3i nh\u1eefng t\u00e0i n\u0103ng kinh doanh v\u00e0 nh\u00e2n vi\u00ean k\u1ef9 thu\u1eadt xu\u1ea5t s\u1eafc \u0111\u1ec3 \u0111\u1ea1t \u0111\u01b0\u1ee3c n\u00f3.<\/p><\/div><\/div><\/div><\/div>\t\t\t\t<\/div> \t\t\t\t<div class=\"elementor-element elementor-element-3e5d015 elementor-widget elementor-widget-tp-adv-text-block\" data-id=\"3e5d015\" data-element_type=\"widget\" data-e-type=\"widget\" data-widget_type=\"tp-adv-text-block.default\"> \t\t\t\t\t<div class=\"pt-plus-text-block-wrapper\" data-tp-gsap-textblock=\"\" ><div class=\"text_block_parallax\"><div class=\"pt_plus_adv_text_block\" ><div class=\"text-content-block\"><p>M\u00e1y m\u00f3c Taizy c\u00f3 th\u1ec3 mang \u0111\u1ebfn cho b\u1ea1n nh\u1eefng g\u00ec?<\/p><\/div><\/div><\/div><\/div>\t\t\t\t<\/div> \t\t\t\t<div class=\"elementor-element elementor-element-e686fba elementor-widget elementor-widget-tp-adv-text-block\" data-id=\"e686fba\" data-element_type=\"widget\" data-e-type=\"widget\" data-widget_type=\"tp-adv-text-block.default\"> \t\t\t\t\t<div class=\"pt-plus-text-block-wrapper\" data-tp-gsap-textblock=\"\" ><div class=\"text_block_parallax\"><div class=\"pt_plus_adv_text_block\" ><div class=\"text-content-block\"><ul><li><strong>S\u1ea3n ph\u1ea9m c\u01a1 kh\u00ed ch\u1ea5t l\u01b0\u1ee3ng cao<\/strong><br \/>Ch\u00fang t\u00f4i c\u00f3 c\u00e1c k\u1ef9 s\u01b0 chuy\u00ean nghi\u1ec7p \u0111\u1ec3 thi\u1ebft k\u1ebf c\u00e1c s\u1ea3n ph\u1ea9m c\u01a1 kh\u00ed. S\u1ea3n ph\u1ea9m sau khi s\u1ea3n xu\u1ea5t \u0111\u01b0\u1ee3c b\u1ed9 ph\u1eadn ki\u1ec3m \u0111\u1ecbnh ki\u1ec3m tra \u0111\u1ec3 m\u00e1y \u0111\u00e1p \u1ee9ng \u0111\u01b0\u1ee3c nhu c\u1ea7u c\u1ee7a kh\u00e1ch h\u00e0ng th\u1ecb tr\u01b0\u1eddng. V\u00e0 ch\u00fang t\u00f4i l\u1eafng nghe \u00fd ki\u1ebfn \u200b\u200b\u200b\u200bc\u1ee7a kh\u00e1ch h\u00e0ng m\u1ed9t c\u00e1ch r\u1ed9ng r\u00e3i v\u00e0 li\u00ean t\u1ee5c c\u1eadp nh\u1eadt m\u00e1y m\u00f3c.<\/li><li><strong>D\u1ecbch v\u1ee5 k\u1ef9 thu\u1eadt chuy\u00ean nghi\u1ec7p<\/strong><br \/>Sau h\u01a1n m\u01b0\u1eddi n\u0103m kinh nghi\u1ec7m xu\u1ea5t kh\u1ea9u, Taizy c\u00f3 m\u1ed9t \u0111\u1ed9i ng\u0169 nh\u00e2n vi\u00ean d\u1ecbch v\u1ee5 k\u1ef9 thu\u1eadt chuy\u00ean nghi\u1ec7p. Nh\u00e2n vi\u00ean d\u1ecbch v\u1ee5 k\u1ef9 thu\u1eadt c\u1ee7a ch\u00fang t\u00f4i t\u1ed3n t\u1ea1i \u0111\u1ed9c quy\u1ec1n \u0111\u1ec3 \u0111\u00e1p \u1ee9ng nhu c\u1ea7u c\u1ee7a kh\u00e1ch h\u00e0ng. Nh\u00e2n vi\u00ean d\u1ecbch v\u1ee5 k\u1ef9 thu\u1eadt c\u1ee7a ch\u00fang t\u00f4i c\u00f3 th\u1ec3 l\u1eadp k\u1ebf ho\u1ea1ch m\u00e1y m\u00f3c t\u00f9y ch\u1ec9nh v\u00e0 k\u1ebf ho\u1ea1ch b\u1ed1 tr\u00ed nh\u00e0 m\u00e1y theo nhu c\u1ea7u c\u1ee7a kh\u00e1ch h\u00e0ng.<\/li><li><strong>D\u1ecbch v\u1ee5 tr\u01b0\u1edbc v\u00e0 sau b\u00e1n h\u00e0ng ho\u00e0n h\u1ea3o<br \/><\/strong>Taizy Machinery c\u00f3 m\u1ed9t nh\u00f3m nh\u00e2n vi\u00ean kinh doanh chuy\u00ean nghi\u1ec7p. Nh\u00e2n vi\u00ean kinh doanh c\u1ee7a ch\u00fang t\u00f4i c\u00f3 th\u1ec3 l\u1eadp b\u00e1o gi\u00e1 chuy\u00ean nghi\u1ec7p theo nhu c\u1ea7u c\u1ee7a kh\u00e1ch h\u00e0ng, gi\u1edbi thi\u1ec7u hi\u1ec7u su\u1ea5t l\u00e0m vi\u1ec7c c\u1ee7a m\u00e1y m\u1ed9t c\u00e1ch chi ti\u1ebft v\u00e0 c\u1ee5 th\u1ec3, \u0111\u1ed3ng th\u1eddi cung c\u1ea5p h\u01b0\u1edbng d\u1eabn s\u1eed d\u1ee5ng to\u00e0n di\u1ec7n, v.v. H\u01a1n n\u1eefa, ch\u00fang t\u00f4i c\u00f2n cung c\u1ea5p cho kh\u00e1ch h\u00e0ng d\u1ecbch v\u1ee5 h\u1eadu m\u00e3i to\u00e0n di\u1ec7n. N\u1ebfu c\u00f3 v\u1ea5n \u0111\u1ec1 g\u00ec x\u1ea3y ra trong qu\u00e1 tr\u00ecnh b\u1ea1n s\u1eed d\u1ee5ng, ch\u00fang t\u00f4i s\u1ebd gi\u00fap b\u1ea1n gi\u1ea3i quy\u1ebft trong th\u1eddi gian s\u1edbm nh\u1ea5t.<\/li><\/ul><\/div><\/div><\/div><\/div>\t\t\t\t<\/div> \t\t\t\t<div class=\"elementor-element elementor-element-d2c1781 elementor-widget elementor-widget-tp-button\" data-id=\"d2c1781\" data-element_type=\"widget\" data-e-type=\"widget\" data-widget_type=\"tp-button.default\"> \t\t\t\t\t<div class=\"pt-plus-button-wrapper   text-left\"><div class=\"button_parallax\" ><div id=\"button69d649e413a64\"  class=\"text-left ts-button content_hover_effect\" ><div class=\"pt_plus_button btn69d649e4136ce button-style-18\"  ><div class=\"animted-content-inner\"><a href=\"#\" class=\"button-link-wrap\" role=\"button\" data-hover=\"READ MORE\"  ><span>\u0110\u1eccC TH\u00caM<\/span><\/a><\/div><\/div><\/div><\/div><\/div>\t\t\t\t<\/div> \t\t\t\t<div class=\"elementor-element elementor-element-c036d7e elementor-widget elementor-widget-spacer\" data-id=\"c036d7e\" data-element_type=\"widget\" data-e-type=\"widget\" data-widget_type=\"spacer.default\"> \t\t\t\t\t\t\t<div class=\"elementor-spacer\"> \t\t\t<div class=\"elementor-spacer-inner\"><\/div> \t\t<\/div> \t\t\t\t\t\t<\/div> \t\t\t\t<\/div> \t\t\t\t<\/div> \t\t\t\t<\/div>","protected":false},"excerpt":{"rendered":"<p>Taizy Machinery Fruit and vegetable processing equipment manufacturer Focus Focus on the research and development, production and sales of fruit and vegetable processing equipment Professional With professional technical personnel and sales and after-sales personnel, we will wholeheartedly provide you with professional products and services Quick Reply We provide 7*24 hours customer service, provide customers with [&hellip;]<\/p>\n","protected":false},"author":1,"featured_media":0,"parent":0,"menu_order":0,"comment_status":"closed","ping_status":"closed","template":"","meta":{"_acf_changed":false,"footnotes":""},"class_list":["post-6","page","type-page","status-publish","hentry"],"acf":[],"_links":{"self":[{"href":"https:\/\/taizymachinery.com\/vi\/wp-json\/wp\/v2\/pages\/6","targetHints":{"allow":["GET"]}}],"collection":[{"href":"https:\/\/taizymachinery.com\/vi\/wp-json\/wp\/v2\/pages"}],"about":[{"href":"https:\/\/taizymachinery.com\/vi\/wp-json\/wp\/v2\/types\/page"}],"author":[{"embeddable":true,"href":"https:\/\/taizymachinery.com\/vi\/wp-json\/wp\/v2\/users\/1"}],"replies":[{"embeddable":true,"href":"https:\/\/taizymachinery.com\/vi\/wp-json\/wp\/v2\/comments?post=6"}],"version-history":[{"count":9,"href":"https:\/\/taizymachinery.com\/vi\/wp-json\/wp\/v2\/pages\/6\/revisions"}],"predecessor-version":[{"id":2544,"href":"https:\/\/taizymachinery.com\/vi\/wp-json\/wp\/v2\/pages\/6\/revisions\/2544"}],"wp:attachment":[{"href":"https:\/\/taizymachinery.com\/vi\/wp-json\/wp\/v2\/media?parent=6"}],"curies":[{"name":"wp","href":"https:\/\/api.w.org\/{rel}","templated":true}]}}