{"id":6,"date":"2021-08-16T09:03:02","date_gmt":"2021-08-16T09:03:02","guid":{"rendered":"https:\/\/taizymachinery.com\/?page_id=6"},"modified":"2026-04-02T16:39:36","modified_gmt":"2026-04-02T08:39:36","slug":"about-us","status":"publish","type":"page","link":"https:\/\/taizymachinery.com\/tr\/about-us\/","title":{"rendered":"Hakk\u0131m\u0131zda"},"content":{"rendered":"<div data-elementor-type=\"wp-page\" data-elementor-id=\"6\" class=\"elementor elementor-6\" data-elementor-post-type=\"page\"> \t\t\t\t<div class=\"elementor-element elementor-element-26fa917 e-flex e-con-boxed e-con e-parent\" data-id=\"26fa917\" data-element_type=\"container\" data-e-type=\"container\" data-settings=\"{&quot;background_background&quot;:&quot;classic&quot;}\"> \t\t\t\t\t<div class=\"e-con-inner\"> \t\t\t\t<div class=\"elementor-element elementor-element-5f2dab4 elementor-widget elementor-widget-tp-row-background\" data-id=\"5f2dab4\" data-element_type=\"widget\" data-e-type=\"widget\" data-widget_type=\"tp-row-background.default\"> \t\t\t\t\t<div id=\"pt-plus-row-settings\" class=\"pt-plus-row-set theplus_row69e6d9ba370be\" data-no=\"theplus_row69e6d9ba370be\"  data-section-hidden=\"inherit\"><div class=\"pt_plus_mordern_image_effects elementor-repeater-item-001b897 img001b8970  mobile-hide\" ><div class=\"\" ><img decoding=\"async\" src=\"https:\/\/taizymachinery.com\/wp-content\/uploads\/2021\/08\/shape.png\" class=\"mordern-image-effect morder_image_style\" alt=\"\" style=\"opacity:1;\"><\/div><\/div><style>.pt_plus_mordern_image_effects.img001b8970{top:20%;bottom:auto;left:30%;right:auto;margin: 0 auto;}@media (max-width:600px){.pt_plus_mordern_image_effects.img001b8970{top:25%;bottom:auto;left:auto;right:0%;margin: 0 auto;}}<\/style><\/div>\t\t\t\t<\/div> \t\t\t\t<div class=\"elementor-element elementor-element-23b6da4 text-left elementor-widget__width-initial elementor-widget elementor-widget-tp-heading-title\" data-id=\"23b6da4\" data-element_type=\"widget\" data-e-type=\"widget\" data-widget_type=\"tp-heading-title.default\"> \t\t\t\t\t<div class=\"heading heading_style heading_style69e6f29c36162 style-1\" ><div class=\"sub-style\"  ><div class=\"head-title\" > <h2  class=\"heading-title\"   data-hover=\"Taizy \">Taizy <span class=\"title-s\">  <\/span><\/h2><\/div><div class=\"sub-heading\"><h3 class=\"heading-sub-title\"> Makineler <\/h3><\/div><\/div><\/div>\t\t\t\t<\/div> \t\t\t\t<div class=\"elementor-element elementor-element-1d11d6b elementor-widget__width-initial elementor-widget elementor-widget-tp-adv-text-block\" data-id=\"1d11d6b\" data-element_type=\"widget\" data-e-type=\"widget\" data-widget_type=\"tp-adv-text-block.default\"> \t\t\t\t\t<div class=\"pt-plus-text-block-wrapper\" data-tp-gsap-textblock=\"\" ><div class=\"text_block_parallax\"><div class=\"pt_plus_adv_text_block\" ><div class=\"text-content-block\"><p>Meyve ve sebze i\u015fleme ekipmanlar\u0131 \u00fcreticisi<\/p><\/div><\/div><\/div><\/div>\t\t\t\t<\/div> \t\t\t\t\t<\/div> \t\t\t\t<\/div> \t\t<div class=\"elementor-element elementor-element-2424df4 e-flex e-con-boxed e-con e-parent\" data-id=\"2424df4\" data-element_type=\"container\" data-e-type=\"container\" data-settings=\"{&quot;background_background&quot;:&quot;classic&quot;}\"> \t\t\t\t\t<div class=\"e-con-inner\"> \t\t<div class=\"elementor-element elementor-element-d039ef3 e-con-full e-flex e-con e-child\" data-id=\"d039ef3\" data-element_type=\"container\" data-e-type=\"container\"> \t\t\t\t<div class=\"elementor-element elementor-element-ae8cd74 elementor-widget elementor-widget-heading\" data-id=\"ae8cd74\" data-element_type=\"widget\" data-e-type=\"widget\" data-widget_type=\"heading.default\"> \t\t\t\t\t<h2 class=\"elementor-heading-title elementor-size-default\">Odak<\/h2>\t\t\t\t<\/div> \t\t\t\t<div class=\"elementor-element elementor-element-7d59463 elementor-widget elementor-widget-text-editor\" data-id=\"7d59463\" data-element_type=\"widget\" data-e-type=\"widget\" data-widget_type=\"text-editor.default\"> \t\t\t\t\t\t\t\t\t<p>Meyve ve sebze i\u015fleme ekipmanlar\u0131n\u0131n ara\u015ft\u0131rma ve geli\u015ftirmesine, \u00fcretimine ve sat\u0131\u015f\u0131na odaklan\u0131n<\/p>\t\t\t\t\t\t\t\t<\/div> \t\t\t\t<\/div> \t\t<div class=\"elementor-element elementor-element-1346edf e-con-full e-flex e-con e-child\" data-id=\"1346edf\" data-element_type=\"container\" data-e-type=\"container\"> \t\t\t\t<div class=\"elementor-element elementor-element-67d790b elementor-widget elementor-widget-heading\" data-id=\"67d790b\" data-element_type=\"widget\" data-e-type=\"widget\" data-widget_type=\"heading.default\"> \t\t\t\t\t<h2 class=\"elementor-heading-title elementor-size-default\">Profesyonel<\/h2>\t\t\t\t<\/div> \t\t\t\t<div class=\"elementor-element elementor-element-5e4a764 elementor-widget elementor-widget-text-editor\" data-id=\"5e4a764\" data-element_type=\"widget\" data-e-type=\"widget\" data-widget_type=\"text-editor.default\"> \t\t\t\t\t\t\t\t\t<p>Profesyonel teknik personelimiz ve sat\u0131\u015f ve sat\u0131\u015f sonras\u0131 personelimiz ile size t\u00fcm kalbimizle profesyonel \u00fcr\u00fcn ve hizmetler sunaca\u011f\u0131z.<\/p>\t\t\t\t\t\t\t\t<\/div> \t\t\t\t<\/div> \t\t<div class=\"elementor-element elementor-element-a61104d e-con-full e-flex e-con e-child\" data-id=\"a61104d\" data-element_type=\"container\" data-e-type=\"container\"> \t\t\t\t<div class=\"elementor-element elementor-element-a31ac8d elementor-widget elementor-widget-heading\" data-id=\"a31ac8d\" data-element_type=\"widget\" data-e-type=\"widget\" data-widget_type=\"heading.default\"> \t\t\t\t\t<h2 class=\"elementor-heading-title elementor-size-default\">H\u0131zl\u0131 Yan\u0131t<\/h2>\t\t\t\t<\/div> \t\t\t\t<div class=\"elementor-element elementor-element-3e575be elementor-widget elementor-widget-text-editor\" data-id=\"3e575be\" data-element_type=\"widget\" data-e-type=\"widget\" data-widget_type=\"text-editor.default\"> \t\t\t\t\t\t\t\t\t<p>7*24 saat m\u00fc\u015fteri hizmetleri sa\u011fl\u0131yoruz, m\u00fc\u015fterilerimize sebze ve meyve ekipmanlar\u0131 \u00fcr\u00fcnlerinin teslimat\u0131, sat\u0131\u015f \u00f6ncesi ve sat\u0131\u015f sonras\u0131 dan\u0131\u015fmanl\u0131k hizmetleri sa\u011fl\u0131yoruz.<\/p>\t\t\t\t\t\t\t\t<\/div> \t\t\t\t<\/div> \t\t\t\t\t<\/div> \t\t\t\t<\/div> \t\t<div class=\"elementor-element elementor-element-2703905 e-con-full e-flex e-con e-parent\" data-id=\"2703905\" data-element_type=\"container\" data-e-type=\"container\" data-settings=\"{&quot;background_background&quot;:&quot;classic&quot;}\"> \t\t<div class=\"elementor-element elementor-element-9363051 e-con-full e-flex e-con e-child\" data-id=\"9363051\" data-element_type=\"container\" data-e-type=\"container\"> \t\t\t\t<div class=\"elementor-element elementor-element-be8c74a elementor-widget elementor-widget-tp-adv-text-block\" data-id=\"be8c74a\" data-element_type=\"widget\" data-e-type=\"widget\" data-widget_type=\"tp-adv-text-block.default\"> \t\t\t\t\t<div class=\"pt-plus-text-block-wrapper\" data-tp-gsap-textblock=\"\" ><div class=\"text_block_parallax\"><div class=\"pt_plus_adv_text_block\" ><div class=\"text-content-block\">Misyon<\/div><\/div><\/div><\/div>\t\t\t\t<\/div> \t\t\t\t<div class=\"elementor-element elementor-element-9424308 elementor-widget elementor-widget-spacer\" data-id=\"9424308\" data-element_type=\"widget\" data-e-type=\"widget\" data-widget_type=\"spacer.default\"> \t\t\t\t\t\t\t<div class=\"elementor-spacer\"> \t\t\t<div class=\"elementor-spacer-inner\"><\/div> \t\t<\/div> \t\t\t\t\t\t<\/div> \t\t\t\t<div class=\"elementor-element elementor-element-037cd45 elementor-widget elementor-widget-tp-adv-text-block\" data-id=\"037cd45\" data-element_type=\"widget\" data-e-type=\"widget\" data-widget_type=\"tp-adv-text-block.default\"> \t\t\t\t\t<div class=\"pt-plus-text-block-wrapper\" data-tp-gsap-textblock=\"\" ><div class=\"text_block_parallax\"><div class=\"pt_plus_adv_text_block\" ><div class=\"text-content-block\"><p class=\"translation-block\"><strong>\u00c7in makineleri d\u00fcnyan\u0131n her k\u00f6\u015fesini de\u011fi\u015ftirsin.<\/strong><\/p><p>M\u00fc\u015fterilerin kar elde edebilmesi ve m\u00fc\u015fterilerle birlikte b\u00fcy\u00fcyebilmesi i\u00e7in makinelerimizi m\u00fc\u015fterilerimizin \u00fcretimini ve ya\u015fam tarz\u0131n\u0131 de\u011fi\u015ftirmek i\u00e7in kullanmaya kararl\u0131y\u0131z.<\/p><\/div><\/div><\/div><\/div>\t\t\t\t<\/div> \t\t\t\t<\/div> \t\t<div class=\"elementor-element elementor-element-a25d886 e-con-full e-flex e-con e-child\" data-id=\"a25d886\" data-element_type=\"container\" data-e-type=\"container\"> \t\t\t\t<div class=\"elementor-element elementor-element-8800d0c elementor-widget elementor-widget-spacer\" data-id=\"8800d0c\" data-element_type=\"widget\" data-e-type=\"widget\" data-widget_type=\"spacer.default\"> \t\t\t\t\t\t\t<div class=\"elementor-spacer\"> \t\t\t<div class=\"elementor-spacer-inner\"><\/div> \t\t<\/div> \t\t\t\t\t\t<\/div> \t\t\t\t<div class=\"elementor-element elementor-element-23b2870 elementor-widget elementor-widget-tp-info-box\" data-id=\"23b2870\" data-element_type=\"widget\" data-e-type=\"widget\" data-widget_type=\"tp-info-box.default\"> \t\t\t\t\t<div id=\"info_box69e6d9ba3da11\" class=\"pt_plus_info_box hover_normal    info_box69e6d9ba3da11 info-box-style_1\"  data-id=\"info_box69e6d9ba3da11\"    dir= \"data-connection=\"\"\" data-eventtype=\"\" ><div class=\"post-inner-loop\"><div class=\"info-box-inner content_hover_effect  tp-info-nc\"   ><div class=\"info-box-bg-box\"><div class=\"service-media text-left\"><div class=\"m-r-16  service-img-border\"  style=\"border-color: #252525;\"> <div class=\"service-icon-wrap\"><i class=\"fa fa-bank service-icon  icon-squre\"><\/i><\/div> <\/div><div class=\"service-content\"><div class=\"service-title\"> G\u00f6r\u00fc\u015f <\/div><div class=\"service-border\"> <\/div><div class=\"service-desc\"> <p class=\"translation-block\"><strong>\u00c7al\u0131\u015fanlar\u0131n b\u00fcy\u00fcmesine yard\u0131mc\u0131 olacak en iyi platformu olu\u015fturun.<\/strong><\/p><p>\u0130nsan odakl\u0131 konsepte inan\u0131yoruz ve ancak her \u00e7al\u0131\u015fan\u0131n b\u00fcy\u00fcmesine yard\u0131mc\u0131 olarak \u015firket geli\u015febilir ve b\u00fcy\u00fcyebilir.<\/p> <\/div><\/div><\/div><div class=\"infobox-overlay-color\"><\/div><\/div><\/div><\/div><\/div>\t\t\t\t<\/div> \t\t\t\t<div class=\"elementor-element elementor-element-f2ba10f elementor-widget elementor-widget-spacer\" data-id=\"f2ba10f\" data-element_type=\"widget\" data-e-type=\"widget\" data-widget_type=\"spacer.default\"> \t\t\t\t\t\t\t<div class=\"elementor-spacer\"> \t\t\t<div class=\"elementor-spacer-inner\"><\/div> \t\t<\/div> \t\t\t\t\t\t<\/div> \t\t\t\t<\/div> \t\t\t\t<\/div> \t\t<div class=\"elementor-element elementor-element-2d3088d e-con-full e-flex e-con e-parent\" data-id=\"2d3088d\" data-element_type=\"container\" data-e-type=\"container\" data-settings=\"{&quot;background_background&quot;:&quot;classic&quot;}\"> \t\t<div class=\"elementor-element elementor-element-d75050c e-con-full e-flex e-con e-child\" data-id=\"d75050c\" data-element_type=\"container\" data-e-type=\"container\" data-settings=\"{&quot;background_background&quot;:&quot;classic&quot;}\"> \t\t\t\t<div class=\"elementor-element elementor-element-3cb256e elementor-widget elementor-widget-spacer\" data-id=\"3cb256e\" data-element_type=\"widget\" data-e-type=\"widget\" data-widget_type=\"spacer.default\"> \t\t\t\t\t\t\t<div class=\"elementor-spacer\"> \t\t\t<div class=\"elementor-spacer-inner\"><\/div> \t\t<\/div> \t\t\t\t\t\t<\/div> \t\t\t\t<\/div> \t\t<div class=\"elementor-element elementor-element-7edc168 e-con-full e-flex e-con e-child\" data-id=\"7edc168\" data-element_type=\"container\" data-e-type=\"container\"> \t\t\t\t<div class=\"elementor-element elementor-element-c8b7535 elementor-widget elementor-widget-spacer\" data-id=\"c8b7535\" data-element_type=\"widget\" data-e-type=\"widget\" data-widget_type=\"spacer.default\"> \t\t\t\t\t\t\t<div class=\"elementor-spacer\"> \t\t\t<div class=\"elementor-spacer-inner\"><\/div> \t\t<\/div> \t\t\t\t\t\t<\/div> \t\t\t\t<div class=\"elementor-element elementor-element-daab36c text-left elementor-widget elementor-widget-tp-heading-title\" data-id=\"daab36c\" data-element_type=\"widget\" data-e-type=\"widget\" data-widget_type=\"tp-heading-title.default\"> \t\t\t\t\t<div class=\"heading heading_style heading_style69e6f29c381e3 style-1\" ><div class=\"sub-style\"  ><div class=\"head-title\" > <h2  class=\"heading-title\"   data-hover=\"Our \">Bizim <span class=\"title-s\"> Tarih <\/span><\/h2><\/div><\/div><\/div>\t\t\t\t<\/div> \t\t\t\t<div class=\"elementor-element elementor-element-9996b31 elementor-widget elementor-widget-tp-adv-text-block\" data-id=\"9996b31\" data-element_type=\"widget\" data-e-type=\"widget\" data-widget_type=\"tp-adv-text-block.default\"> \t\t\t\t\t<div class=\"pt-plus-text-block-wrapper\" data-tp-gsap-textblock=\"\" ><div class=\"text_block_parallax\"><div class=\"pt_plus_adv_text_block\" ><div class=\"text-content-block\"><p>Taizy Machinery Equipment Co., Ltd. 2011 y\u0131l\u0131nda kurulmu\u015f olup, sebze ve meyve i\u015fleme ekipmanlar\u0131 \u00fcreticisidir.<\/p><p>\u015eu anda Taizy Machinery a\u011f\u0131rl\u0131kl\u0131 olarak sebze ve meyve i\u015fleme ekipmanlar\u0131 sa\u011fl\u0131yor. Sebze ve meyve temizleme ekipmanlar\u0131, sebze kesme ekipmanlar\u0131, meyve suyu ekstraksiyon ekipmanlar\u0131, sebze ve meyve kurutma ekipmanlar\u0131 vb. dahil. Ayr\u0131ca Taizy ayr\u0131ca y\u0131kama ve kurutma \u00fcretim hatlar\u0131, sebze y\u0131kama ve kesme paketleme gibi sebze ve meyve \u00fcretim hatlar\u0131 da sunmaktad\u0131r. \u00fcretim hatlar\u0131, y\u0131kama ve kurutma \u00fcretim hatlar\u0131 vb.<\/p><\/div><\/div><\/div><\/div>\t\t\t\t<\/div> \t\t\t\t<div class=\"elementor-element elementor-element-0b1d869 elementor-widget elementor-widget-tp-adv-text-block\" data-id=\"0b1d869\" data-element_type=\"widget\" data-e-type=\"widget\" data-widget_type=\"tp-adv-text-block.default\"> \t\t\t\t\t<div class=\"pt-plus-text-block-wrapper\" data-tp-gsap-textblock=\"\" ><div class=\"text_block_parallax\"><div class=\"pt_plus_adv_text_block\" ><div class=\"text-content-block\"><p>Taizy Machinery, d\u00fcnyan\u0131n her yerindeki m\u00fc\u015fterilerine y\u00fcksek kaliteli mekanik \u00fcr\u00fcnler ve m\u00fckemmel hizmetler sunmaya kendini adam\u0131\u015ft\u0131r. Otomatik makineler t\u00fcm d\u00fcnyaya yay\u0131ls\u0131n, m\u00fc\u015fterilerin \u00fcretimini ve ya\u015fam tarz\u0131n\u0131 de\u011fi\u015ftirsin. Taizy, kurulu\u015fundan bu yana her zaman bu konsepte ba\u011fl\u0131 kalm\u0131\u015f ve bunu ba\u015farmak i\u00e7in ola\u011fan\u00fcst\u00fc i\u015f yeteneklerini ve teknik personeli kapsaml\u0131 bir \u015fekilde i\u015fe alm\u0131\u015ft\u0131r.<\/p><\/div><\/div><\/div><\/div>\t\t\t\t<\/div> \t\t\t\t<div class=\"elementor-element elementor-element-3e5d015 elementor-widget elementor-widget-tp-adv-text-block\" data-id=\"3e5d015\" data-element_type=\"widget\" data-e-type=\"widget\" data-widget_type=\"tp-adv-text-block.default\"> \t\t\t\t\t<div class=\"pt-plus-text-block-wrapper\" data-tp-gsap-textblock=\"\" ><div class=\"text_block_parallax\"><div class=\"pt_plus_adv_text_block\" ><div class=\"text-content-block\"><p>Taizy Machinery size neler getirebilir?<\/p><\/div><\/div><\/div><\/div>\t\t\t\t<\/div> \t\t\t\t<div class=\"elementor-element elementor-element-e686fba elementor-widget elementor-widget-tp-adv-text-block\" data-id=\"e686fba\" data-element_type=\"widget\" data-e-type=\"widget\" data-widget_type=\"tp-adv-text-block.default\"> \t\t\t\t\t<div class=\"pt-plus-text-block-wrapper\" data-tp-gsap-textblock=\"\" ><div class=\"text_block_parallax\"><div class=\"pt_plus_adv_text_block\" ><div class=\"text-content-block\"><ul><li><strong>Y\u00fcksek kaliteli mekanik \u00fcr\u00fcnler<\/strong><br \/>Mekanik \u00fcr\u00fcnler tasarlamak i\u00e7in profesyonel m\u00fchendislerimiz var. \u00dcretim sonras\u0131 \u00fcr\u00fcnler, makinenin pazar m\u00fc\u015fterilerinin ihtiya\u00e7lar\u0131n\u0131 kar\u015f\u0131lamas\u0131n\u0131 sa\u011flamak i\u00e7in muayene departman\u0131 taraf\u0131ndan denetlenir. M\u00fc\u015fterilerimizin g\u00f6r\u00fc\u015flerini kapsaml\u0131 bir \u015fekilde dinliyor ve makineleri s\u00fcrekli olarak g\u00fcncelliyoruz.<\/li><li><strong>Profesyonel teknik servis<\/strong><br \/>On y\u0131l\u0131 a\u015fk\u0131n ihracat tecr\u00fcbesinden sonra Taizy, bir grup profesyonel teknik servis personeline sahiptir. Teknik servis personelimiz yaln\u0131zca m\u00fc\u015fteri ihtiya\u00e7lar\u0131n\u0131 kar\u015f\u0131lamak i\u00e7in bulunmaktad\u0131r. Teknik servis personelimiz m\u00fc\u015fteri ihtiya\u00e7lar\u0131na g\u00f6re \u00f6zelle\u015ftirilmi\u015f makine planlar\u0131 ve fabrika yerle\u015fim planlama planlar\u0131 yapabilmektedir.<\/li><li><strong>M\u00fckemmel sat\u0131\u015f \u00f6ncesi ve sat\u0131\u015f sonras\u0131 servis<br \/><\/strong>Taizy Machinery'nin bir grup profesyonel i\u015f personeli vard\u0131r. \u0130\u015fletme personelimiz, m\u00fc\u015fteri ihtiya\u00e7lar\u0131na g\u00f6re profesyonel teklifler olu\u015fturabilir, makinenin \u00e7al\u0131\u015fma performans\u0131n\u0131 ayr\u0131nt\u0131l\u0131 ve somut olarak tan\u0131tabilir ve kapsaml\u0131 kullan\u0131m talimatlar\u0131 vb. sa\u011flayabilir. Ayr\u0131ca m\u00fc\u015fterilerimize kapsaml\u0131 sat\u0131\u015f sonras\u0131 hizmet de sa\u011fl\u0131yoruz. Kullan\u0131m\u0131n\u0131z s\u0131ras\u0131nda herhangi bir sorunla kar\u015f\u0131la\u015f\u0131rsan\u0131z, bunlar\u0131 en k\u0131sa s\u00fcrede \u00e7\u00f6zmenize yard\u0131mc\u0131 olaca\u011f\u0131z.<\/li><\/ul><\/div><\/div><\/div><\/div>\t\t\t\t<\/div> \t\t\t\t<div class=\"elementor-element elementor-element-d2c1781 elementor-widget elementor-widget-tp-button\" data-id=\"d2c1781\" data-element_type=\"widget\" data-e-type=\"widget\" data-widget_type=\"tp-button.default\"> \t\t\t\t\t<div class=\"pt-plus-button-wrapper   text-left\"><div class=\"button_parallax\" ><div id=\"button69e6f29c3a1c5\"  class=\"text-left ts-button content_hover_effect\" ><div class=\"pt_plus_button btn69e6f29c39e80 button-style-18\"  ><div class=\"animted-content-inner\"><a href=\"#\" class=\"button-link-wrap\" role=\"button\" data-hover=\"READ MORE\"  ><span>DEVAMINI OKU<\/span><\/a><\/div><\/div><\/div><\/div><\/div>\t\t\t\t<\/div> \t\t\t\t<div class=\"elementor-element elementor-element-c036d7e elementor-widget elementor-widget-spacer\" data-id=\"c036d7e\" data-element_type=\"widget\" data-e-type=\"widget\" data-widget_type=\"spacer.default\"> \t\t\t\t\t\t\t<div class=\"elementor-spacer\"> \t\t\t<div class=\"elementor-spacer-inner\"><\/div> \t\t<\/div> \t\t\t\t\t\t<\/div> \t\t\t\t<\/div> \t\t\t\t<\/div> \t\t\t\t<\/div>","protected":false},"excerpt":{"rendered":"<p>Taizy Machinery Fruit and vegetable processing equipment manufacturer Focus Focus on the research and development, production and sales of fruit and vegetable processing equipment Professional With professional technical personnel and sales and after-sales personnel, we will wholeheartedly provide you with professional products and services Quick Reply We provide 7*24 hours customer service, provide customers with [&hellip;]<\/p>\n","protected":false},"author":1,"featured_media":0,"parent":0,"menu_order":0,"comment_status":"closed","ping_status":"closed","template":"","meta":{"_acf_changed":false,"footnotes":""},"class_list":["post-6","page","type-page","status-publish","hentry"],"acf":[],"_links":{"self":[{"href":"https:\/\/taizymachinery.com\/tr\/wp-json\/wp\/v2\/pages\/6","targetHints":{"allow":["GET"]}}],"collection":[{"href":"https:\/\/taizymachinery.com\/tr\/wp-json\/wp\/v2\/pages"}],"about":[{"href":"https:\/\/taizymachinery.com\/tr\/wp-json\/wp\/v2\/types\/page"}],"author":[{"embeddable":true,"href":"https:\/\/taizymachinery.com\/tr\/wp-json\/wp\/v2\/users\/1"}],"replies":[{"embeddable":true,"href":"https:\/\/taizymachinery.com\/tr\/wp-json\/wp\/v2\/comments?post=6"}],"version-history":[{"count":9,"href":"https:\/\/taizymachinery.com\/tr\/wp-json\/wp\/v2\/pages\/6\/revisions"}],"predecessor-version":[{"id":2544,"href":"https:\/\/taizymachinery.com\/tr\/wp-json\/wp\/v2\/pages\/6\/revisions\/2544"}],"wp:attachment":[{"href":"https:\/\/taizymachinery.com\/tr\/wp-json\/wp\/v2\/media?parent=6"}],"curies":[{"name":"wp","href":"https:\/\/api.w.org\/{rel}","templated":true}]}}