{"id":6,"date":"2021-08-16T09:03:02","date_gmt":"2021-08-16T09:03:02","guid":{"rendered":"https:\/\/taizymachinery.com\/?page_id=6"},"modified":"2026-04-02T16:39:36","modified_gmt":"2026-04-02T08:39:36","slug":"about-us","status":"publish","type":"page","link":"https:\/\/taizymachinery.com\/fr\/about-us\/","title":{"rendered":"\u00c0 propos de nous"},"content":{"rendered":"<div data-elementor-type=\"wp-page\" data-elementor-id=\"6\" class=\"elementor elementor-6\" data-elementor-post-type=\"page\"> \t\t\t\t<div class=\"elementor-element elementor-element-26fa917 e-flex e-con-boxed e-con e-parent\" data-id=\"26fa917\" data-element_type=\"container\" data-e-type=\"container\" data-settings=\"{&quot;background_background&quot;:&quot;classic&quot;}\"> \t\t\t\t\t<div class=\"e-con-inner\"> \t\t\t\t<div class=\"elementor-element elementor-element-5f2dab4 elementor-widget elementor-widget-tp-row-background\" data-id=\"5f2dab4\" data-element_type=\"widget\" data-e-type=\"widget\" data-widget_type=\"tp-row-background.default\"> \t\t\t\t\t<div id=\"pt-plus-row-settings\" class=\"pt-plus-row-set theplus_row69d6300dce416\" data-no=\"theplus_row69d6300dce416\"  data-section-hidden=\"inherit\"><div class=\"pt_plus_mordern_image_effects elementor-repeater-item-001b897 img001b8970  mobile-hide\" ><div class=\"\" ><img decoding=\"async\" src=\"https:\/\/taizymachinery.com\/wp-content\/uploads\/2021\/08\/shape.png\" class=\"mordern-image-effect morder_image_style\" alt=\"\" style=\"opacity:1;\"><\/div><\/div><style>.pt_plus_mordern_image_effects.img001b8970{top:20%;bottom:auto;left:30%;right:auto;margin: 0 auto;}@media (max-width:600px){.pt_plus_mordern_image_effects.img001b8970{top:25%;bottom:auto;left:auto;right:0%;margin: 0 auto;}}<\/style><\/div>\t\t\t\t<\/div> \t\t\t\t<div class=\"elementor-element elementor-element-23b6da4 text-left elementor-widget__width-initial elementor-widget elementor-widget-tp-heading-title\" data-id=\"23b6da4\" data-element_type=\"widget\" data-e-type=\"widget\" data-widget_type=\"tp-heading-title.default\"> \t\t\t\t\t<div class=\"heading heading_style heading_style69d64821e5adc style-1\" ><div class=\"sub-style\"  ><div class=\"head-title\" > <h2  class=\"heading-title\"   data-hover=\"Taizy \">Taizy <span class=\"title-s\">  <\/span><\/h2><\/div><div class=\"sub-heading\"><h3 class=\"heading-sub-title\"> Machinerie <\/h3><\/div><\/div><\/div>\t\t\t\t<\/div> \t\t\t\t<div class=\"elementor-element elementor-element-1d11d6b elementor-widget__width-initial elementor-widget elementor-widget-tp-adv-text-block\" data-id=\"1d11d6b\" data-element_type=\"widget\" data-e-type=\"widget\" data-widget_type=\"tp-adv-text-block.default\"> \t\t\t\t\t<div class=\"pt-plus-text-block-wrapper\" data-tp-gsap-textblock=\"\" ><div class=\"text_block_parallax\"><div class=\"pt_plus_adv_text_block\" ><div class=\"text-content-block\"><p>Fabricant d'\u00e9quipement de transformation de fruits et l\u00e9gumes<\/p><\/div><\/div><\/div><\/div>\t\t\t\t<\/div> \t\t\t\t\t<\/div> \t\t\t\t<\/div> \t\t<div class=\"elementor-element elementor-element-2424df4 e-flex e-con-boxed e-con e-parent\" data-id=\"2424df4\" data-element_type=\"container\" data-e-type=\"container\" data-settings=\"{&quot;background_background&quot;:&quot;classic&quot;}\"> \t\t\t\t\t<div class=\"e-con-inner\"> \t\t<div class=\"elementor-element elementor-element-d039ef3 e-con-full e-flex e-con e-child\" data-id=\"d039ef3\" data-element_type=\"container\" data-e-type=\"container\"> \t\t\t\t<div class=\"elementor-element elementor-element-ae8cd74 elementor-widget elementor-widget-heading\" data-id=\"ae8cd74\" data-element_type=\"widget\" data-e-type=\"widget\" data-widget_type=\"heading.default\"> \t\t\t\t\t<h2 class=\"elementor-heading-title elementor-size-default\">Se concentrer<\/h2>\t\t\t\t<\/div> \t\t\t\t<div class=\"elementor-element elementor-element-7d59463 elementor-widget elementor-widget-text-editor\" data-id=\"7d59463\" data-element_type=\"widget\" data-e-type=\"widget\" data-widget_type=\"text-editor.default\"> \t\t\t\t\t\t\t\t\t<p>Focus sur la recherche et le d\u00e9veloppement, la production et la vente d'\u00e9quipements de transformation de fruits et l\u00e9gumes<\/p>\t\t\t\t\t\t\t\t<\/div> \t\t\t\t<\/div> \t\t<div class=\"elementor-element elementor-element-1346edf e-con-full e-flex e-con e-child\" data-id=\"1346edf\" data-element_type=\"container\" data-e-type=\"container\"> \t\t\t\t<div class=\"elementor-element elementor-element-67d790b elementor-widget elementor-widget-heading\" data-id=\"67d790b\" data-element_type=\"widget\" data-e-type=\"widget\" data-widget_type=\"heading.default\"> \t\t\t\t\t<h2 class=\"elementor-heading-title elementor-size-default\">Professionnel<\/h2>\t\t\t\t<\/div> \t\t\t\t<div class=\"elementor-element elementor-element-5e4a764 elementor-widget elementor-widget-text-editor\" data-id=\"5e4a764\" data-element_type=\"widget\" data-e-type=\"widget\" data-widget_type=\"text-editor.default\"> \t\t\t\t\t\t\t\t\t<p>Avec un personnel technique professionnel et un personnel de vente et apr\u00e8s-vente, nous vous fournirons de tout c\u0153ur des produits et services professionnels.<\/p>\t\t\t\t\t\t\t\t<\/div> \t\t\t\t<\/div> \t\t<div class=\"elementor-element elementor-element-a61104d e-con-full e-flex e-con e-child\" data-id=\"a61104d\" data-element_type=\"container\" data-e-type=\"container\"> \t\t\t\t<div class=\"elementor-element elementor-element-a31ac8d elementor-widget elementor-widget-heading\" data-id=\"a31ac8d\" data-element_type=\"widget\" data-e-type=\"widget\" data-widget_type=\"heading.default\"> \t\t\t\t\t<h2 class=\"elementor-heading-title elementor-size-default\">R\u00e9ponse rapide<\/h2>\t\t\t\t<\/div> \t\t\t\t<div class=\"elementor-element elementor-element-3e575be elementor-widget elementor-widget-text-editor\" data-id=\"3e575be\" data-element_type=\"widget\" data-e-type=\"widget\" data-widget_type=\"text-editor.default\"> \t\t\t\t\t\t\t\t\t<p>Nous fournissons un service client 7 heures sur 24, fournissons aux clients des services de livraison de produits d'\u00e9quipement de l\u00e9gumes et de fruits, des services de conseil avant-vente et apr\u00e8s-vente.<\/p>\t\t\t\t\t\t\t\t<\/div> \t\t\t\t<\/div> \t\t\t\t\t<\/div> \t\t\t\t<\/div> \t\t<div class=\"elementor-element elementor-element-2703905 e-con-full e-flex e-con e-parent\" data-id=\"2703905\" data-element_type=\"container\" data-e-type=\"container\" data-settings=\"{&quot;background_background&quot;:&quot;classic&quot;}\"> \t\t<div class=\"elementor-element elementor-element-9363051 e-con-full e-flex e-con e-child\" data-id=\"9363051\" data-element_type=\"container\" data-e-type=\"container\"> \t\t\t\t<div class=\"elementor-element elementor-element-be8c74a elementor-widget elementor-widget-tp-adv-text-block\" data-id=\"be8c74a\" data-element_type=\"widget\" data-e-type=\"widget\" data-widget_type=\"tp-adv-text-block.default\"> \t\t\t\t\t<div class=\"pt-plus-text-block-wrapper\" data-tp-gsap-textblock=\"\" ><div class=\"text_block_parallax\"><div class=\"pt_plus_adv_text_block\" ><div class=\"text-content-block\">Mission<\/div><\/div><\/div><\/div>\t\t\t\t<\/div> \t\t\t\t<div class=\"elementor-element elementor-element-9424308 elementor-widget elementor-widget-spacer\" data-id=\"9424308\" data-element_type=\"widget\" data-e-type=\"widget\" data-widget_type=\"spacer.default\"> \t\t\t\t\t\t\t<div class=\"elementor-spacer\"> \t\t\t<div class=\"elementor-spacer-inner\"><\/div> \t\t<\/div> \t\t\t\t\t\t<\/div> \t\t\t\t<div class=\"elementor-element elementor-element-037cd45 elementor-widget elementor-widget-tp-adv-text-block\" data-id=\"037cd45\" data-element_type=\"widget\" data-e-type=\"widget\" data-widget_type=\"tp-adv-text-block.default\"> \t\t\t\t\t<div class=\"pt-plus-text-block-wrapper\" data-tp-gsap-textblock=\"\" ><div class=\"text_block_parallax\"><div class=\"pt_plus_adv_text_block\" ><div class=\"text-content-block\"><p class=\"translation-block\"><strong>Laissez les machines chinoises changer tous les coins du monde.<\/strong><\/p><p>Nous nous engageons \u00e0 utiliser nos machines pour changer la production et le style de vie des clients afin que ceux-ci puissent r\u00e9aliser des b\u00e9n\u00e9fices et grandir avec les clients.<\/p><\/div><\/div><\/div><\/div>\t\t\t\t<\/div> \t\t\t\t<\/div> \t\t<div class=\"elementor-element elementor-element-a25d886 e-con-full e-flex e-con e-child\" data-id=\"a25d886\" data-element_type=\"container\" data-e-type=\"container\"> \t\t\t\t<div class=\"elementor-element elementor-element-8800d0c elementor-widget elementor-widget-spacer\" data-id=\"8800d0c\" data-element_type=\"widget\" data-e-type=\"widget\" data-widget_type=\"spacer.default\"> \t\t\t\t\t\t\t<div class=\"elementor-spacer\"> \t\t\t<div class=\"elementor-spacer-inner\"><\/div> \t\t<\/div> \t\t\t\t\t\t<\/div> \t\t\t\t<div class=\"elementor-element elementor-element-23b2870 elementor-widget elementor-widget-tp-info-box\" data-id=\"23b2870\" data-element_type=\"widget\" data-e-type=\"widget\" data-widget_type=\"tp-info-box.default\"> \t\t\t\t\t<div id=\"info_box69d6300dd4705\" class=\"pt_plus_info_box hover_normal    info_box69d6300dd4705 info-box-style_1\"  data-id=\"info_box69d6300dd4705\"    dir= \"data-connection=\"\"\" data-eventtype=\"\" ><div class=\"post-inner-loop\"><div class=\"info-box-inner content_hover_effect  tp-info-nc\"   ><div class=\"info-box-bg-box\"><div class=\"service-media text-left\"><div class=\"m-r-16  service-img-border\"  style=\"border-color: #252525;\"> <div class=\"service-icon-wrap\"><i class=\"fa fa-bank service-icon  icon-squre\"><\/i><\/div> <\/div><div class=\"service-content\"><div class=\"service-title\"> Vision <\/div><div class=\"service-border\"> <\/div><div class=\"service-desc\"> <p class=\"translation-block\"><strong>Cr\u00e9er la meilleure plateforme pour aider les employ\u00e9s \u00e0 grandir.<\/strong><\/p><p>Nous croyons au concept ax\u00e9 sur les personnes et ce n'est qu'en aidant chaque employ\u00e9 \u00e0 grandir que l'entreprise peut se d\u00e9velopper et se d\u00e9velopper.<\/p> <\/div><\/div><\/div><div class=\"infobox-overlay-color\"><\/div><\/div><\/div><\/div><\/div>\t\t\t\t<\/div> \t\t\t\t<div class=\"elementor-element elementor-element-f2ba10f elementor-widget elementor-widget-spacer\" data-id=\"f2ba10f\" data-element_type=\"widget\" data-e-type=\"widget\" data-widget_type=\"spacer.default\"> \t\t\t\t\t\t\t<div class=\"elementor-spacer\"> \t\t\t<div class=\"elementor-spacer-inner\"><\/div> \t\t<\/div> \t\t\t\t\t\t<\/div> \t\t\t\t<\/div> \t\t\t\t<\/div> \t\t<div class=\"elementor-element elementor-element-2d3088d e-con-full e-flex e-con e-parent\" data-id=\"2d3088d\" data-element_type=\"container\" data-e-type=\"container\" data-settings=\"{&quot;background_background&quot;:&quot;classic&quot;}\"> \t\t<div class=\"elementor-element elementor-element-d75050c e-con-full e-flex e-con e-child\" data-id=\"d75050c\" data-element_type=\"container\" data-e-type=\"container\" data-settings=\"{&quot;background_background&quot;:&quot;classic&quot;}\"> \t\t\t\t<div class=\"elementor-element elementor-element-3cb256e elementor-widget elementor-widget-spacer\" data-id=\"3cb256e\" data-element_type=\"widget\" data-e-type=\"widget\" data-widget_type=\"spacer.default\"> \t\t\t\t\t\t\t<div class=\"elementor-spacer\"> \t\t\t<div class=\"elementor-spacer-inner\"><\/div> \t\t<\/div> \t\t\t\t\t\t<\/div> \t\t\t\t<\/div> \t\t<div class=\"elementor-element elementor-element-7edc168 e-con-full e-flex e-con e-child\" data-id=\"7edc168\" data-element_type=\"container\" data-e-type=\"container\"> \t\t\t\t<div class=\"elementor-element elementor-element-c8b7535 elementor-widget elementor-widget-spacer\" data-id=\"c8b7535\" data-element_type=\"widget\" data-e-type=\"widget\" data-widget_type=\"spacer.default\"> \t\t\t\t\t\t\t<div class=\"elementor-spacer\"> \t\t\t<div class=\"elementor-spacer-inner\"><\/div> \t\t<\/div> \t\t\t\t\t\t<\/div> \t\t\t\t<div class=\"elementor-element elementor-element-daab36c text-left elementor-widget elementor-widget-tp-heading-title\" data-id=\"daab36c\" data-element_type=\"widget\" data-e-type=\"widget\" data-widget_type=\"tp-heading-title.default\"> \t\t\t\t\t<div class=\"heading heading_style heading_style69d64821e7aea style-1\" ><div class=\"sub-style\"  ><div class=\"head-title\" > <h2  class=\"heading-title\"   data-hover=\"Our \">Notre <span class=\"title-s\"> Histoire <\/span><\/h2><\/div><\/div><\/div>\t\t\t\t<\/div> \t\t\t\t<div class=\"elementor-element elementor-element-9996b31 elementor-widget elementor-widget-tp-adv-text-block\" data-id=\"9996b31\" data-element_type=\"widget\" data-e-type=\"widget\" data-widget_type=\"tp-adv-text-block.default\"> \t\t\t\t\t<div class=\"pt-plus-text-block-wrapper\" data-tp-gsap-textblock=\"\" ><div class=\"text_block_parallax\"><div class=\"pt_plus_adv_text_block\" ><div class=\"text-content-block\"><p>Taizy Machinery Equipment Co., Ltd. a \u00e9t\u00e9 cr\u00e9\u00e9e en 2011, c'est un fabricant d'\u00e9quipements de transformation de l\u00e9gumes et de fruits.<\/p><p>\u00c0 l'heure actuelle, Taizy Machinery fournit principalement des \u00e9quipements de transformation de l\u00e9gumes et de fruits. Y compris les \u00e9quipements de nettoyage de l\u00e9gumes et de fruits, les \u00e9quipements de coupe de l\u00e9gumes, les \u00e9quipements d'extraction de jus de fruits, les \u00e9quipements de s\u00e9chage de l\u00e9gumes et de fruits, etc. En outre, Taizy fournit \u00e9galement des lignes de production de l\u00e9gumes et de fruits, telles que des lignes de production de lavage et de s\u00e9chage, des emballages de lavage et de d\u00e9coupe de l\u00e9gumes. lignes de production, lignes de production de lavage et de s\u00e9chage, etc.<\/p><\/div><\/div><\/div><\/div>\t\t\t\t<\/div> \t\t\t\t<div class=\"elementor-element elementor-element-0b1d869 elementor-widget elementor-widget-tp-adv-text-block\" data-id=\"0b1d869\" data-element_type=\"widget\" data-e-type=\"widget\" data-widget_type=\"tp-adv-text-block.default\"> \t\t\t\t\t<div class=\"pt-plus-text-block-wrapper\" data-tp-gsap-textblock=\"\" ><div class=\"text_block_parallax\"><div class=\"pt_plus_adv_text_block\" ><div class=\"text-content-block\"><p>Taizy Machinery s'engage \u00e0 fournir des produits m\u00e9caniques de haute qualit\u00e9 et des services parfaits aux clients du monde entier. Laissez les machines automatis\u00e9es se r\u00e9pandre partout dans le monde et changer la production et le mode de vie des clients. Depuis sa cr\u00e9ation, Taizy a toujours adh\u00e9r\u00e9 \u00e0 ce concept et a recrut\u00e9 de nombreux talents commerciaux et techniques exceptionnels pour y parvenir.<\/p><\/div><\/div><\/div><\/div>\t\t\t\t<\/div> \t\t\t\t<div class=\"elementor-element elementor-element-3e5d015 elementor-widget elementor-widget-tp-adv-text-block\" data-id=\"3e5d015\" data-element_type=\"widget\" data-e-type=\"widget\" data-widget_type=\"tp-adv-text-block.default\"> \t\t\t\t\t<div class=\"pt-plus-text-block-wrapper\" data-tp-gsap-textblock=\"\" ><div class=\"text_block_parallax\"><div class=\"pt_plus_adv_text_block\" ><div class=\"text-content-block\"><p>Que peuvent vous apporter les machines Taizy ?<\/p><\/div><\/div><\/div><\/div>\t\t\t\t<\/div> \t\t\t\t<div class=\"elementor-element elementor-element-e686fba elementor-widget elementor-widget-tp-adv-text-block\" data-id=\"e686fba\" data-element_type=\"widget\" data-e-type=\"widget\" data-widget_type=\"tp-adv-text-block.default\"> \t\t\t\t\t<div class=\"pt-plus-text-block-wrapper\" data-tp-gsap-textblock=\"\" ><div class=\"text_block_parallax\"><div class=\"pt_plus_adv_text_block\" ><div class=\"text-content-block\"><ul><li><strong>Produits m\u00e9caniques de haute qualit\u00e9<\/strong><br \/>Nous avons des ing\u00e9nieurs professionnels pour concevoir des produits m\u00e9caniques. Les produits apr\u00e8s production sont inspect\u00e9s par le service d'inspection pour que la machine r\u00e9ponde aux besoins des clients du march\u00e9. Et nous \u00e9coutons attentivement les opinions des clients et mettons continuellement \u00e0 jour les machines de mani\u00e8re it\u00e9rative.<\/li><li><strong>Service technique professionnel<\/strong><br \/>Apr\u00e8s plus de dix ans d'exp\u00e9rience \u00e0 l'exportation, Taizy dispose d'un groupe de personnel de service technique professionnel. Notre personnel de service technique existe exclusivement pour r\u00e9pondre aux besoins des clients. Notre personnel de service technique peut r\u00e9aliser des plans de machines personnalis\u00e9s et des plans de planification de placement en usine en fonction des besoins du client.<\/li><li><strong>Service avant-vente et apr\u00e8s-vente parfait<br \/><\/strong>Taizy Machinery dispose d'un groupe de personnel professionnel. Notre personnel commercial peut formuler des devis professionnels en fonction des besoins du client, pr\u00e9senter les performances de travail de la machine de mani\u00e8re d\u00e9taill\u00e9e et concr\u00e8te, et fournir des instructions d'utilisation compl\u00e8tes, etc. De plus, nous fournissons \u00e9galement \u00e0 nos clients un service apr\u00e8s-vente complet. Si des probl\u00e8mes surviennent lors de votre utilisation, nous vous aiderons \u00e0 les r\u00e9soudre dans les plus brefs d\u00e9lais.<\/li><\/ul><\/div><\/div><\/div><\/div>\t\t\t\t<\/div> \t\t\t\t<div class=\"elementor-element elementor-element-d2c1781 elementor-widget elementor-widget-tp-button\" data-id=\"d2c1781\" data-element_type=\"widget\" data-e-type=\"widget\" data-widget_type=\"tp-button.default\"> \t\t\t\t\t<div class=\"pt-plus-button-wrapper   text-left\"><div class=\"button_parallax\" ><div id=\"button69d64821e9996\"  class=\"text-left ts-button content_hover_effect\" ><div class=\"pt_plus_button btn69d64821e966a button-style-18\"  ><div class=\"animted-content-inner\"><a href=\"#\" class=\"button-link-wrap\" role=\"button\" data-hover=\"READ MORE\"  ><span>EN SAVOIR PLUS<\/span><\/a><\/div><\/div><\/div><\/div><\/div>\t\t\t\t<\/div> \t\t\t\t<div class=\"elementor-element elementor-element-c036d7e elementor-widget elementor-widget-spacer\" data-id=\"c036d7e\" data-element_type=\"widget\" data-e-type=\"widget\" data-widget_type=\"spacer.default\"> \t\t\t\t\t\t\t<div class=\"elementor-spacer\"> \t\t\t<div class=\"elementor-spacer-inner\"><\/div> \t\t<\/div> \t\t\t\t\t\t<\/div> \t\t\t\t<\/div> \t\t\t\t<\/div> \t\t\t\t<\/div>","protected":false},"excerpt":{"rendered":"<p>Taizy Machinery Fruit and vegetable processing equipment manufacturer Focus Focus on the research and development, production and sales of fruit and vegetable processing equipment Professional With professional technical personnel and sales and after-sales personnel, we will wholeheartedly provide you with professional products and services Quick Reply We provide 7*24 hours customer service, provide customers with [&hellip;]<\/p>\n","protected":false},"author":1,"featured_media":0,"parent":0,"menu_order":0,"comment_status":"closed","ping_status":"closed","template":"","meta":{"_acf_changed":false,"footnotes":""},"class_list":["post-6","page","type-page","status-publish","hentry"],"acf":[],"_links":{"self":[{"href":"https:\/\/taizymachinery.com\/fr\/wp-json\/wp\/v2\/pages\/6","targetHints":{"allow":["GET"]}}],"collection":[{"href":"https:\/\/taizymachinery.com\/fr\/wp-json\/wp\/v2\/pages"}],"about":[{"href":"https:\/\/taizymachinery.com\/fr\/wp-json\/wp\/v2\/types\/page"}],"author":[{"embeddable":true,"href":"https:\/\/taizymachinery.com\/fr\/wp-json\/wp\/v2\/users\/1"}],"replies":[{"embeddable":true,"href":"https:\/\/taizymachinery.com\/fr\/wp-json\/wp\/v2\/comments?post=6"}],"version-history":[{"count":9,"href":"https:\/\/taizymachinery.com\/fr\/wp-json\/wp\/v2\/pages\/6\/revisions"}],"predecessor-version":[{"id":2544,"href":"https:\/\/taizymachinery.com\/fr\/wp-json\/wp\/v2\/pages\/6\/revisions\/2544"}],"wp:attachment":[{"href":"https:\/\/taizymachinery.com\/fr\/wp-json\/wp\/v2\/media?parent=6"}],"curies":[{"name":"wp","href":"https:\/\/api.w.org\/{rel}","templated":true}]}}