{"id":6,"date":"2021-08-16T09:03:02","date_gmt":"2021-08-16T09:03:02","guid":{"rendered":"https:\/\/taizymachinery.com\/?page_id=6"},"modified":"2026-04-02T16:39:36","modified_gmt":"2026-04-02T08:39:36","slug":"about-us","status":"publish","type":"page","link":"https:\/\/taizymachinery.com\/es\/about-us\/","title":{"rendered":"Sobre nosotros"},"content":{"rendered":"<div data-elementor-type=\"wp-page\" data-elementor-id=\"6\" class=\"elementor elementor-6\" data-elementor-post-type=\"page\"> \t\t\t\t<div class=\"elementor-element elementor-element-26fa917 e-flex e-con-boxed e-con e-parent\" data-id=\"26fa917\" data-element_type=\"container\" data-e-type=\"container\" data-settings=\"{&quot;background_background&quot;:&quot;classic&quot;}\"> \t\t\t\t\t<div class=\"e-con-inner\"> \t\t\t\t<div class=\"elementor-element elementor-element-5f2dab4 elementor-widget elementor-widget-tp-row-background\" data-id=\"5f2dab4\" data-element_type=\"widget\" data-e-type=\"widget\" data-widget_type=\"tp-row-background.default\"> \t\t\t\t\t<div id=\"pt-plus-row-settings\" class=\"pt-plus-row-set theplus_row69d6300dce416\" data-no=\"theplus_row69d6300dce416\"  data-section-hidden=\"inherit\"><div class=\"pt_plus_mordern_image_effects elementor-repeater-item-001b897 img001b8970  mobile-hide\" ><div class=\"\" ><img decoding=\"async\" src=\"https:\/\/taizymachinery.com\/wp-content\/uploads\/2021\/08\/shape.png\" class=\"mordern-image-effect morder_image_style\" alt=\"\" style=\"opacity:1;\"><\/div><\/div><style>.pt_plus_mordern_image_effects.img001b8970{top:20%;bottom:auto;left:30%;right:auto;margin: 0 auto;}@media (max-width:600px){.pt_plus_mordern_image_effects.img001b8970{top:25%;bottom:auto;left:auto;right:0%;margin: 0 auto;}}<\/style><\/div>\t\t\t\t<\/div> \t\t\t\t<div class=\"elementor-element elementor-element-23b6da4 text-left elementor-widget__width-initial elementor-widget elementor-widget-tp-heading-title\" data-id=\"23b6da4\" data-element_type=\"widget\" data-e-type=\"widget\" data-widget_type=\"tp-heading-title.default\"> \t\t\t\t\t<div class=\"heading heading_style heading_style69d67fb5ca0de style-1\" ><div class=\"sub-style\"  ><div class=\"head-title\" > <h2  class=\"heading-title\"   data-hover=\"Taizy \">Taizy <span class=\"title-s\">  <\/span><\/h2><\/div><div class=\"sub-heading\"><h3 class=\"heading-sub-title\"> Maquinaria <\/h3><\/div><\/div><\/div>\t\t\t\t<\/div> \t\t\t\t<div class=\"elementor-element elementor-element-1d11d6b elementor-widget__width-initial elementor-widget elementor-widget-tp-adv-text-block\" data-id=\"1d11d6b\" data-element_type=\"widget\" data-e-type=\"widget\" data-widget_type=\"tp-adv-text-block.default\"> \t\t\t\t\t<div class=\"pt-plus-text-block-wrapper\" data-tp-gsap-textblock=\"\" ><div class=\"text_block_parallax\"><div class=\"pt_plus_adv_text_block\" ><div class=\"text-content-block\"><p>Fabricante de equipos para procesamiento de frutas y verduras.<\/p><\/div><\/div><\/div><\/div>\t\t\t\t<\/div> \t\t\t\t\t<\/div> \t\t\t\t<\/div> \t\t<div class=\"elementor-element elementor-element-2424df4 e-flex e-con-boxed e-con e-parent\" data-id=\"2424df4\" data-element_type=\"container\" data-e-type=\"container\" data-settings=\"{&quot;background_background&quot;:&quot;classic&quot;}\"> \t\t\t\t\t<div class=\"e-con-inner\"> \t\t<div class=\"elementor-element elementor-element-d039ef3 e-con-full e-flex e-con e-child\" data-id=\"d039ef3\" data-element_type=\"container\" data-e-type=\"container\"> \t\t\t\t<div class=\"elementor-element elementor-element-ae8cd74 elementor-widget elementor-widget-heading\" data-id=\"ae8cd74\" data-element_type=\"widget\" data-e-type=\"widget\" data-widget_type=\"heading.default\"> \t\t\t\t\t<h2 class=\"elementor-heading-title elementor-size-default\">Enfocar<\/h2>\t\t\t\t<\/div> \t\t\t\t<div class=\"elementor-element elementor-element-7d59463 elementor-widget elementor-widget-text-editor\" data-id=\"7d59463\" data-element_type=\"widget\" data-e-type=\"widget\" data-widget_type=\"text-editor.default\"> \t\t\t\t\t\t\t\t\t<p>Centrarse en la investigaci\u00f3n y desarrollo, producci\u00f3n y venta de equipos de procesamiento de frutas y verduras.<\/p>\t\t\t\t\t\t\t\t<\/div> \t\t\t\t<\/div> \t\t<div class=\"elementor-element elementor-element-1346edf e-con-full e-flex e-con e-child\" data-id=\"1346edf\" data-element_type=\"container\" data-e-type=\"container\"> \t\t\t\t<div class=\"elementor-element elementor-element-67d790b elementor-widget elementor-widget-heading\" data-id=\"67d790b\" data-element_type=\"widget\" data-e-type=\"widget\" data-widget_type=\"heading.default\"> \t\t\t\t\t<h2 class=\"elementor-heading-title elementor-size-default\">Profesional<\/h2>\t\t\t\t<\/div> \t\t\t\t<div class=\"elementor-element elementor-element-5e4a764 elementor-widget elementor-widget-text-editor\" data-id=\"5e4a764\" data-element_type=\"widget\" data-e-type=\"widget\" data-widget_type=\"text-editor.default\"> \t\t\t\t\t\t\t\t\t<p>Con personal t\u00e9cnico profesional y personal de ventas y posventa, le brindaremos de todo coraz\u00f3n productos y servicios profesionales.<\/p>\t\t\t\t\t\t\t\t<\/div> \t\t\t\t<\/div> \t\t<div class=\"elementor-element elementor-element-a61104d e-con-full e-flex e-con e-child\" data-id=\"a61104d\" data-element_type=\"container\" data-e-type=\"container\"> \t\t\t\t<div class=\"elementor-element elementor-element-a31ac8d elementor-widget elementor-widget-heading\" data-id=\"a31ac8d\" data-element_type=\"widget\" data-e-type=\"widget\" data-widget_type=\"heading.default\"> \t\t\t\t\t<h2 class=\"elementor-heading-title elementor-size-default\">Respuesta r\u00e1pida<\/h2>\t\t\t\t<\/div> \t\t\t\t<div class=\"elementor-element elementor-element-3e575be elementor-widget elementor-widget-text-editor\" data-id=\"3e575be\" data-element_type=\"widget\" data-e-type=\"widget\" data-widget_type=\"text-editor.default\"> \t\t\t\t\t\t\t\t\t<p>Brindamos servicio al cliente 7 * 24 horas, brindamos a los clientes entrega de productos de equipos para vegetales y frutas, servicios de consultor\u00eda de preventa y posventa.<\/p>\t\t\t\t\t\t\t\t<\/div> \t\t\t\t<\/div> \t\t\t\t\t<\/div> \t\t\t\t<\/div> \t\t<div class=\"elementor-element elementor-element-2703905 e-con-full e-flex e-con e-parent\" data-id=\"2703905\" data-element_type=\"container\" data-e-type=\"container\" data-settings=\"{&quot;background_background&quot;:&quot;classic&quot;}\"> \t\t<div class=\"elementor-element elementor-element-9363051 e-con-full e-flex e-con e-child\" data-id=\"9363051\" data-element_type=\"container\" data-e-type=\"container\"> \t\t\t\t<div class=\"elementor-element elementor-element-be8c74a elementor-widget elementor-widget-tp-adv-text-block\" data-id=\"be8c74a\" data-element_type=\"widget\" data-e-type=\"widget\" data-widget_type=\"tp-adv-text-block.default\"> \t\t\t\t\t<div class=\"pt-plus-text-block-wrapper\" data-tp-gsap-textblock=\"\" ><div class=\"text_block_parallax\"><div class=\"pt_plus_adv_text_block\" ><div class=\"text-content-block\">Misi\u00f3n<\/div><\/div><\/div><\/div>\t\t\t\t<\/div> \t\t\t\t<div class=\"elementor-element elementor-element-9424308 elementor-widget elementor-widget-spacer\" data-id=\"9424308\" data-element_type=\"widget\" data-e-type=\"widget\" data-widget_type=\"spacer.default\"> \t\t\t\t\t\t\t<div class=\"elementor-spacer\"> \t\t\t<div class=\"elementor-spacer-inner\"><\/div> \t\t<\/div> \t\t\t\t\t\t<\/div> \t\t\t\t<div class=\"elementor-element elementor-element-037cd45 elementor-widget elementor-widget-tp-adv-text-block\" data-id=\"037cd45\" data-element_type=\"widget\" data-e-type=\"widget\" data-widget_type=\"tp-adv-text-block.default\"> \t\t\t\t\t<div class=\"pt-plus-text-block-wrapper\" data-tp-gsap-textblock=\"\" ><div class=\"text_block_parallax\"><div class=\"pt_plus_adv_text_block\" ><div class=\"text-content-block\"><p class=\"translation-block\"><strong>Que las m\u00e1quinas chinas cambien cada rinc\u00f3n del mundo. <\/strong><\/p><p>Estamos comprometidos a utilizar nuestras m\u00e1quinas para cambiar la producci\u00f3n y el estilo de vida de los clientes para que puedan obtener ganancias y crecer junto con los clientes.<\/p><\/div><\/div><\/div><\/div>\t\t\t\t<\/div> \t\t\t\t<\/div> \t\t<div class=\"elementor-element elementor-element-a25d886 e-con-full e-flex e-con e-child\" data-id=\"a25d886\" data-element_type=\"container\" data-e-type=\"container\"> \t\t\t\t<div class=\"elementor-element elementor-element-8800d0c elementor-widget elementor-widget-spacer\" data-id=\"8800d0c\" data-element_type=\"widget\" data-e-type=\"widget\" data-widget_type=\"spacer.default\"> \t\t\t\t\t\t\t<div class=\"elementor-spacer\"> \t\t\t<div class=\"elementor-spacer-inner\"><\/div> \t\t<\/div> \t\t\t\t\t\t<\/div> \t\t\t\t<div class=\"elementor-element elementor-element-23b2870 elementor-widget elementor-widget-tp-info-box\" data-id=\"23b2870\" data-element_type=\"widget\" data-e-type=\"widget\" data-widget_type=\"tp-info-box.default\"> \t\t\t\t\t<div id=\"info_box69d6300dd4705\" class=\"pt_plus_info_box hover_normal    info_box69d6300dd4705 info-box-style_1\"  data-id=\"info_box69d6300dd4705\"    dir= \"data-connection=\"\"\" data-eventtype=\"\" ><div class=\"post-inner-loop\"><div class=\"info-box-inner content_hover_effect  tp-info-nc\"   ><div class=\"info-box-bg-box\"><div class=\"service-media text-left\"><div class=\"m-r-16  service-img-border\"  style=\"border-color: #252525;\"> <div class=\"service-icon-wrap\"><i class=\"fa fa-bank service-icon  icon-squre\"><\/i><\/div> <\/div><div class=\"service-content\"><div class=\"service-title\"> Visi\u00f3n <\/div><div class=\"service-border\"> <\/div><div class=\"service-desc\"> <p class=\"translation-block\"><strong>Crear la mejor plataforma para ayudar a los empleados a crecer.<\/strong><\/p><p>Creemos en el concepto orientado a las personas y s\u00f3lo ayudando a cada empleado a crecer podr\u00e1 la empresa desarrollarse y crecer.<\/p> <\/div><\/div><\/div><div class=\"infobox-overlay-color\"><\/div><\/div><\/div><\/div><\/div>\t\t\t\t<\/div> \t\t\t\t<div class=\"elementor-element elementor-element-f2ba10f elementor-widget elementor-widget-spacer\" data-id=\"f2ba10f\" data-element_type=\"widget\" data-e-type=\"widget\" data-widget_type=\"spacer.default\"> \t\t\t\t\t\t\t<div class=\"elementor-spacer\"> \t\t\t<div class=\"elementor-spacer-inner\"><\/div> \t\t<\/div> \t\t\t\t\t\t<\/div> \t\t\t\t<\/div> \t\t\t\t<\/div> \t\t<div class=\"elementor-element elementor-element-2d3088d e-con-full e-flex e-con e-parent\" data-id=\"2d3088d\" data-element_type=\"container\" data-e-type=\"container\" data-settings=\"{&quot;background_background&quot;:&quot;classic&quot;}\"> \t\t<div class=\"elementor-element elementor-element-d75050c e-con-full e-flex e-con e-child\" data-id=\"d75050c\" data-element_type=\"container\" data-e-type=\"container\" data-settings=\"{&quot;background_background&quot;:&quot;classic&quot;}\"> \t\t\t\t<div class=\"elementor-element elementor-element-3cb256e elementor-widget elementor-widget-spacer\" data-id=\"3cb256e\" data-element_type=\"widget\" data-e-type=\"widget\" data-widget_type=\"spacer.default\"> \t\t\t\t\t\t\t<div class=\"elementor-spacer\"> \t\t\t<div class=\"elementor-spacer-inner\"><\/div> \t\t<\/div> \t\t\t\t\t\t<\/div> \t\t\t\t<\/div> \t\t<div class=\"elementor-element elementor-element-7edc168 e-con-full e-flex e-con e-child\" data-id=\"7edc168\" data-element_type=\"container\" data-e-type=\"container\"> \t\t\t\t<div class=\"elementor-element elementor-element-c8b7535 elementor-widget elementor-widget-spacer\" data-id=\"c8b7535\" data-element_type=\"widget\" data-e-type=\"widget\" data-widget_type=\"spacer.default\"> \t\t\t\t\t\t\t<div class=\"elementor-spacer\"> \t\t\t<div class=\"elementor-spacer-inner\"><\/div> \t\t<\/div> \t\t\t\t\t\t<\/div> \t\t\t\t<div class=\"elementor-element elementor-element-daab36c text-left elementor-widget elementor-widget-tp-heading-title\" data-id=\"daab36c\" data-element_type=\"widget\" data-e-type=\"widget\" data-widget_type=\"tp-heading-title.default\"> \t\t\t\t\t<div class=\"heading heading_style heading_style69d67fb5cc9d4 style-1\" ><div class=\"sub-style\"  ><div class=\"head-title\" > <h2  class=\"heading-title\"   data-hover=\"Our \">Nuestro <span class=\"title-s\"> Historia <\/span><\/h2><\/div><\/div><\/div>\t\t\t\t<\/div> \t\t\t\t<div class=\"elementor-element elementor-element-9996b31 elementor-widget elementor-widget-tp-adv-text-block\" data-id=\"9996b31\" data-element_type=\"widget\" data-e-type=\"widget\" data-widget_type=\"tp-adv-text-block.default\"> \t\t\t\t\t<div class=\"pt-plus-text-block-wrapper\" data-tp-gsap-textblock=\"\" ><div class=\"text_block_parallax\"><div class=\"pt_plus_adv_text_block\" ><div class=\"text-content-block\"><p>Taizy Machinery Equipment Co., Ltd. se estableci\u00f3 en 2011 y es un fabricante de equipos de procesamiento de frutas y verduras.<\/p><p>En la actualidad, Taizy Machinery proporciona principalmente equipos de procesamiento de frutas y verduras. Incluyendo equipos de limpieza de frutas y verduras, equipos de corte de verduras, equipos de extracci\u00f3n de jugo de frutas, equipos de secado de frutas y verduras, etc. Adem\u00e1s, Taizy tambi\u00e9n ofrece l\u00edneas de producci\u00f3n de frutas y verduras, como l\u00edneas de producci\u00f3n de lavado y secado, lavado de verduras y envasado de corte. l\u00edneas de producci\u00f3n, l\u00edneas de producci\u00f3n de lavado y secado, etc.<\/p><\/div><\/div><\/div><\/div>\t\t\t\t<\/div> \t\t\t\t<div class=\"elementor-element elementor-element-0b1d869 elementor-widget elementor-widget-tp-adv-text-block\" data-id=\"0b1d869\" data-element_type=\"widget\" data-e-type=\"widget\" data-widget_type=\"tp-adv-text-block.default\"> \t\t\t\t\t<div class=\"pt-plus-text-block-wrapper\" data-tp-gsap-textblock=\"\" ><div class=\"text_block_parallax\"><div class=\"pt_plus_adv_text_block\" ><div class=\"text-content-block\"><p>Taizy Machinery se compromete a proporcionar productos mec\u00e1nicos de alta calidad y servicios perfectos a clientes de todo el mundo. Deje que la maquinaria automatizada se extienda por todo el mundo y cambie la producci\u00f3n y el estilo de vida de los clientes. Desde su creaci\u00f3n, Taizy siempre se ha adherido a este concepto y ha reclutado talentos comerciales y personal t\u00e9cnico excepcionales para lograrlo.<\/p><\/div><\/div><\/div><\/div>\t\t\t\t<\/div> \t\t\t\t<div class=\"elementor-element elementor-element-3e5d015 elementor-widget elementor-widget-tp-adv-text-block\" data-id=\"3e5d015\" data-element_type=\"widget\" data-e-type=\"widget\" data-widget_type=\"tp-adv-text-block.default\"> \t\t\t\t\t<div class=\"pt-plus-text-block-wrapper\" data-tp-gsap-textblock=\"\" ><div class=\"text_block_parallax\"><div class=\"pt_plus_adv_text_block\" ><div class=\"text-content-block\"><p>\u00bfQu\u00e9 puede aportarle Taizy Machinery?<\/p><\/div><\/div><\/div><\/div>\t\t\t\t<\/div> \t\t\t\t<div class=\"elementor-element elementor-element-e686fba elementor-widget elementor-widget-tp-adv-text-block\" data-id=\"e686fba\" data-element_type=\"widget\" data-e-type=\"widget\" data-widget_type=\"tp-adv-text-block.default\"> \t\t\t\t\t<div class=\"pt-plus-text-block-wrapper\" data-tp-gsap-textblock=\"\" ><div class=\"text_block_parallax\"><div class=\"pt_plus_adv_text_block\" ><div class=\"text-content-block\"><ul><li><strong>Productos mec\u00e1nicos de alta calidad.<\/strong><br \/>Contamos con ingenieros profesionales para dise\u00f1ar productos mec\u00e1nicos. Los productos despu\u00e9s de la producci\u00f3n son inspeccionados por el departamento de inspecci\u00f3n para que la m\u00e1quina satisfaga las necesidades de los clientes del mercado. Y escuchamos atentamente las opiniones de los clientes y actualizamos continuamente las m\u00e1quinas de forma iterativa.<\/li><li><strong>servicio t\u00e9cnico profesional<\/strong><br \/>Despu\u00e9s de m\u00e1s de diez a\u00f1os de experiencia exportadora, Taizy cuenta con un grupo de personal de servicio t\u00e9cnico profesional. Nuestro personal de servicio t\u00e9cnico existe exclusivamente para satisfacer las necesidades del cliente. Nuestro personal de servicio t\u00e9cnico puede realizar planos de m\u00e1quinas personalizados y planes de planificaci\u00f3n de colocaci\u00f3n en f\u00e1brica seg\u00fan las necesidades del cliente.<\/li><li><strong>Perfecto servicio preventa y posventa.<br \/><\/strong>Taizy Machinery cuenta con un grupo de personal comercial profesional. Nuestro personal comercial puede formular cotizaciones profesionales de acuerdo con las necesidades del cliente, presentar el rendimiento de trabajo de la m\u00e1quina de manera detallada y concreta, y proporcionar instrucciones completas de uso, etc. Adem\u00e1s, tambi\u00e9n ofrecemos a los clientes un servicio postventa integral. Si ocurre alg\u00fan problema durante su uso, le ayudaremos a resolverlo lo antes posible.<\/li><\/ul><\/div><\/div><\/div><\/div>\t\t\t\t<\/div> \t\t\t\t<div class=\"elementor-element elementor-element-d2c1781 elementor-widget elementor-widget-tp-button\" data-id=\"d2c1781\" data-element_type=\"widget\" data-e-type=\"widget\" data-widget_type=\"tp-button.default\"> \t\t\t\t\t<div class=\"pt-plus-button-wrapper   text-left\"><div class=\"button_parallax\" ><div id=\"button69d67fb5cf2aa\"  class=\"text-left ts-button content_hover_effect\" ><div class=\"pt_plus_button btn69d67fb5cedda button-style-18\"  ><div class=\"animted-content-inner\"><a href=\"#\" class=\"button-link-wrap\" role=\"button\" data-hover=\"READ MORE\"  ><span>LEER M\u00c1S<\/span><\/a><\/div><\/div><\/div><\/div><\/div>\t\t\t\t<\/div> \t\t\t\t<div class=\"elementor-element elementor-element-c036d7e elementor-widget elementor-widget-spacer\" data-id=\"c036d7e\" data-element_type=\"widget\" data-e-type=\"widget\" data-widget_type=\"spacer.default\"> \t\t\t\t\t\t\t<div class=\"elementor-spacer\"> \t\t\t<div class=\"elementor-spacer-inner\"><\/div> \t\t<\/div> \t\t\t\t\t\t<\/div> \t\t\t\t<\/div> \t\t\t\t<\/div> \t\t\t\t<\/div>","protected":false},"excerpt":{"rendered":"<p>Taizy Machinery Fruit and vegetable processing equipment manufacturer Focus Focus on the research and development, production and sales of fruit and vegetable processing equipment Professional With professional technical personnel and sales and after-sales personnel, we will wholeheartedly provide you with professional products and services Quick Reply We provide 7*24 hours customer service, provide customers with [&hellip;]<\/p>\n","protected":false},"author":1,"featured_media":0,"parent":0,"menu_order":0,"comment_status":"closed","ping_status":"closed","template":"","meta":{"_acf_changed":false,"footnotes":""},"class_list":["post-6","page","type-page","status-publish","hentry"],"acf":[],"_links":{"self":[{"href":"https:\/\/taizymachinery.com\/es\/wp-json\/wp\/v2\/pages\/6","targetHints":{"allow":["GET"]}}],"collection":[{"href":"https:\/\/taizymachinery.com\/es\/wp-json\/wp\/v2\/pages"}],"about":[{"href":"https:\/\/taizymachinery.com\/es\/wp-json\/wp\/v2\/types\/page"}],"author":[{"embeddable":true,"href":"https:\/\/taizymachinery.com\/es\/wp-json\/wp\/v2\/users\/1"}],"replies":[{"embeddable":true,"href":"https:\/\/taizymachinery.com\/es\/wp-json\/wp\/v2\/comments?post=6"}],"version-history":[{"count":9,"href":"https:\/\/taizymachinery.com\/es\/wp-json\/wp\/v2\/pages\/6\/revisions"}],"predecessor-version":[{"id":2544,"href":"https:\/\/taizymachinery.com\/es\/wp-json\/wp\/v2\/pages\/6\/revisions\/2544"}],"wp:attachment":[{"href":"https:\/\/taizymachinery.com\/es\/wp-json\/wp\/v2\/media?parent=6"}],"curies":[{"name":"wp","href":"https:\/\/api.w.org\/{rel}","templated":true}]}}