{"id":6,"date":"2021-08-16T09:03:02","date_gmt":"2021-08-16T09:03:02","guid":{"rendered":"https:\/\/taizymachinery.com\/?page_id=6"},"modified":"2026-04-02T16:39:36","modified_gmt":"2026-04-02T08:39:36","slug":"about-us","status":"publish","type":"page","link":"https:\/\/taizymachinery.com\/de\/about-us\/","title":{"rendered":"\u00dcber uns"},"content":{"rendered":"<div data-elementor-type=\"wp-page\" data-elementor-id=\"6\" class=\"elementor elementor-6\" data-elementor-post-type=\"page\"> \t\t\t\t<div class=\"elementor-element elementor-element-26fa917 e-flex e-con-boxed e-con e-parent\" data-id=\"26fa917\" data-element_type=\"container\" data-e-type=\"container\" data-settings=\"{&quot;background_background&quot;:&quot;classic&quot;}\"> \t\t\t\t\t<div class=\"e-con-inner\"> \t\t\t\t<div class=\"elementor-element elementor-element-5f2dab4 elementor-widget elementor-widget-tp-row-background\" data-id=\"5f2dab4\" data-element_type=\"widget\" data-e-type=\"widget\" data-widget_type=\"tp-row-background.default\"> \t\t\t\t\t<div id=\"pt-plus-row-settings\" class=\"pt-plus-row-set theplus_row69e99b46d0277\" data-no=\"theplus_row69e99b46d0277\"  data-section-hidden=\"inherit\"><div class=\"pt_plus_mordern_image_effects elementor-repeater-item-001b897 img001b8970  mobile-hide\" ><div class=\"\" ><img decoding=\"async\" src=\"https:\/\/taizymachinery.com\/wp-content\/uploads\/2021\/08\/shape.png\" class=\"mordern-image-effect morder_image_style\" alt=\"\" style=\"opacity:1;\"><\/div><\/div><style>.pt_plus_mordern_image_effects.img001b8970{top:20%;bottom:auto;left:30%;right:auto;margin: 0 auto;}@media (max-width:600px){.pt_plus_mordern_image_effects.img001b8970{top:25%;bottom:auto;left:auto;right:0%;margin: 0 auto;}}<\/style><\/div>\t\t\t\t<\/div> \t\t\t\t<div class=\"elementor-element elementor-element-23b6da4 text-left elementor-widget__width-initial elementor-widget elementor-widget-tp-heading-title\" data-id=\"23b6da4\" data-element_type=\"widget\" data-e-type=\"widget\" data-widget_type=\"tp-heading-title.default\"> \t\t\t\t\t<div class=\"heading heading_style heading_style69ea209028584 style-1\" ><div class=\"sub-style\"  ><div class=\"head-title\" > <h2  class=\"heading-title\"   data-hover=\"Taizy \">Taizy <span class=\"title-s\">  <\/span><\/h2><\/div><div class=\"sub-heading\"><h3 class=\"heading-sub-title\"> Maschinen <\/h3><\/div><\/div><\/div>\t\t\t\t<\/div> \t\t\t\t<div class=\"elementor-element elementor-element-1d11d6b elementor-widget__width-initial elementor-widget elementor-widget-tp-adv-text-block\" data-id=\"1d11d6b\" data-element_type=\"widget\" data-e-type=\"widget\" data-widget_type=\"tp-adv-text-block.default\"> \t\t\t\t\t<div class=\"pt-plus-text-block-wrapper\" data-tp-gsap-textblock=\"\" ><div class=\"text_block_parallax\"><div class=\"pt_plus_adv_text_block\" ><div class=\"text-content-block\"><p>Hersteller von Obst- und Gem\u00fcseverarbeitungsger\u00e4ten<\/p><\/div><\/div><\/div><\/div>\t\t\t\t<\/div> \t\t\t\t\t<\/div> \t\t\t\t<\/div> \t\t<div class=\"elementor-element elementor-element-2424df4 e-flex e-con-boxed e-con e-parent\" data-id=\"2424df4\" data-element_type=\"container\" data-e-type=\"container\" data-settings=\"{&quot;background_background&quot;:&quot;classic&quot;}\"> \t\t\t\t\t<div class=\"e-con-inner\"> \t\t<div class=\"elementor-element elementor-element-d039ef3 e-con-full e-flex e-con e-child\" data-id=\"d039ef3\" data-element_type=\"container\" data-e-type=\"container\"> \t\t\t\t<div class=\"elementor-element elementor-element-ae8cd74 elementor-widget elementor-widget-heading\" data-id=\"ae8cd74\" data-element_type=\"widget\" data-e-type=\"widget\" data-widget_type=\"heading.default\"> \t\t\t\t\t<h2 class=\"elementor-heading-title elementor-size-default\">Fokus<\/h2>\t\t\t\t<\/div> \t\t\t\t<div class=\"elementor-element elementor-element-7d59463 elementor-widget elementor-widget-text-editor\" data-id=\"7d59463\" data-element_type=\"widget\" data-e-type=\"widget\" data-widget_type=\"text-editor.default\"> \t\t\t\t\t\t\t\t\t<p>Der Schwerpunkt liegt auf Forschung und Entwicklung, Produktion und Vertrieb von Obst- und Gem\u00fcseverarbeitungsger\u00e4ten<\/p>\t\t\t\t\t\t\t\t<\/div> \t\t\t\t<\/div> \t\t<div class=\"elementor-element elementor-element-1346edf e-con-full e-flex e-con e-child\" data-id=\"1346edf\" data-element_type=\"container\" data-e-type=\"container\"> \t\t\t\t<div class=\"elementor-element elementor-element-67d790b elementor-widget elementor-widget-heading\" data-id=\"67d790b\" data-element_type=\"widget\" data-e-type=\"widget\" data-widget_type=\"heading.default\"> \t\t\t\t\t<h2 class=\"elementor-heading-title elementor-size-default\">Professional<\/h2>\t\t\t\t<\/div> \t\t\t\t<div class=\"elementor-element elementor-element-5e4a764 elementor-widget elementor-widget-text-editor\" data-id=\"5e4a764\" data-element_type=\"widget\" data-e-type=\"widget\" data-widget_type=\"text-editor.default\"> \t\t\t\t\t\t\t\t\t<p>Mit professionellem technischem Personal sowie Vertriebs- und Kundendienstpersonal versorgen wir Sie voll und ganz mit professionellen Produkten und Dienstleistungen<\/p>\t\t\t\t\t\t\t\t<\/div> \t\t\t\t<\/div> \t\t<div class=\"elementor-element elementor-element-a61104d e-con-full e-flex e-con e-child\" data-id=\"a61104d\" data-element_type=\"container\" data-e-type=\"container\"> \t\t\t\t<div class=\"elementor-element elementor-element-a31ac8d elementor-widget elementor-widget-heading\" data-id=\"a31ac8d\" data-element_type=\"widget\" data-e-type=\"widget\" data-widget_type=\"heading.default\"> \t\t\t\t\t<h2 class=\"elementor-heading-title elementor-size-default\">Schnelle Antwort<\/h2>\t\t\t\t<\/div> \t\t\t\t<div class=\"elementor-element elementor-element-3e575be elementor-widget elementor-widget-text-editor\" data-id=\"3e575be\" data-element_type=\"widget\" data-e-type=\"widget\" data-widget_type=\"text-editor.default\"> \t\t\t\t\t\t\t\t\t<p>Wir bieten 7 * 24-Stunden-Kundendienst, bieten Kunden Lieferung von Gem\u00fcse- und Obstausr\u00fcstungsprodukten sowie Beratungsdienste vor und nach dem Verkauf<\/p>\t\t\t\t\t\t\t\t<\/div> \t\t\t\t<\/div> \t\t\t\t\t<\/div> \t\t\t\t<\/div> \t\t<div class=\"elementor-element elementor-element-2703905 e-con-full e-flex e-con e-parent\" data-id=\"2703905\" data-element_type=\"container\" data-e-type=\"container\" data-settings=\"{&quot;background_background&quot;:&quot;classic&quot;}\"> \t\t<div class=\"elementor-element elementor-element-9363051 e-con-full e-flex e-con e-child\" data-id=\"9363051\" data-element_type=\"container\" data-e-type=\"container\"> \t\t\t\t<div class=\"elementor-element elementor-element-be8c74a elementor-widget elementor-widget-tp-adv-text-block\" data-id=\"be8c74a\" data-element_type=\"widget\" data-e-type=\"widget\" data-widget_type=\"tp-adv-text-block.default\"> \t\t\t\t\t<div class=\"pt-plus-text-block-wrapper\" data-tp-gsap-textblock=\"\" ><div class=\"text_block_parallax\"><div class=\"pt_plus_adv_text_block\" ><div class=\"text-content-block\">Mission<\/div><\/div><\/div><\/div>\t\t\t\t<\/div> \t\t\t\t<div class=\"elementor-element elementor-element-9424308 elementor-widget elementor-widget-spacer\" data-id=\"9424308\" data-element_type=\"widget\" data-e-type=\"widget\" data-widget_type=\"spacer.default\"> \t\t\t\t\t\t\t<div class=\"elementor-spacer\"> \t\t\t<div class=\"elementor-spacer-inner\"><\/div> \t\t<\/div> \t\t\t\t\t\t<\/div> \t\t\t\t<div class=\"elementor-element elementor-element-037cd45 elementor-widget elementor-widget-tp-adv-text-block\" data-id=\"037cd45\" data-element_type=\"widget\" data-e-type=\"widget\" data-widget_type=\"tp-adv-text-block.default\"> \t\t\t\t\t<div class=\"pt-plus-text-block-wrapper\" data-tp-gsap-textblock=\"\" ><div class=\"text_block_parallax\"><div class=\"pt_plus_adv_text_block\" ><div class=\"text-content-block\"><p class=\"translation-block\"><strong>Lasst chinesische Maschinen jede Ecke der Welt ver\u00e4ndern.<\/strong><\/p><p>Wir setzen uns daf\u00fcr ein, mit unseren Maschinen die Produktion und den Lebensstil der Kunden zu ver\u00e4ndern, damit die Kunden Gewinne erzielen und gemeinsam mit den Kunden wachsen k\u00f6nnen.<\/p><\/div><\/div><\/div><\/div>\t\t\t\t<\/div> \t\t\t\t<\/div> \t\t<div class=\"elementor-element elementor-element-a25d886 e-con-full e-flex e-con e-child\" data-id=\"a25d886\" data-element_type=\"container\" data-e-type=\"container\"> \t\t\t\t<div class=\"elementor-element elementor-element-8800d0c elementor-widget elementor-widget-spacer\" data-id=\"8800d0c\" data-element_type=\"widget\" data-e-type=\"widget\" data-widget_type=\"spacer.default\"> \t\t\t\t\t\t\t<div class=\"elementor-spacer\"> \t\t\t<div class=\"elementor-spacer-inner\"><\/div> \t\t<\/div> \t\t\t\t\t\t<\/div> \t\t\t\t<div class=\"elementor-element elementor-element-23b2870 elementor-widget elementor-widget-tp-info-box\" data-id=\"23b2870\" data-element_type=\"widget\" data-e-type=\"widget\" data-widget_type=\"tp-info-box.default\"> \t\t\t\t\t<div id=\"info_box69e99b46dad7e\" class=\"pt_plus_info_box hover_normal    info_box69e99b46dad7e info-box-style_1\"  data-id=\"info_box69e99b46dad7e\"    dir= \"data-connection=\"\"\" data-eventtype=\"\" ><div class=\"post-inner-loop\"><div class=\"info-box-inner content_hover_effect  tp-info-nc\"   ><div class=\"info-box-bg-box\"><div class=\"service-media text-left\"><div class=\"m-r-16  service-img-border\"  style=\"border-color: #252525;\"> <div class=\"service-icon-wrap\"><i class=\"fa fa-bank service-icon  icon-squre\"><\/i><\/div> <\/div><div class=\"service-content\"><div class=\"service-title\"> Vision <\/div><div class=\"service-border\"> <\/div><div class=\"service-desc\"> <p class=\"translation-block\"><strong>Erstellen Sie die beste Plattform, um Mitarbeitern beim Wachsen zu helfen.<\/strong><\/p><p>Wir glauben an das menschenorientierte Konzept, und nur wenn wir jedem Mitarbeiter dabei helfen, sich weiterzuentwickeln, kann sich das Unternehmen weiterentwickeln und wachsen.<\/p> <\/div><\/div><\/div><div class=\"infobox-overlay-color\"><\/div><\/div><\/div><\/div><\/div>\t\t\t\t<\/div> \t\t\t\t<div class=\"elementor-element elementor-element-f2ba10f elementor-widget elementor-widget-spacer\" data-id=\"f2ba10f\" data-element_type=\"widget\" data-e-type=\"widget\" data-widget_type=\"spacer.default\"> \t\t\t\t\t\t\t<div class=\"elementor-spacer\"> \t\t\t<div class=\"elementor-spacer-inner\"><\/div> \t\t<\/div> \t\t\t\t\t\t<\/div> \t\t\t\t<\/div> \t\t\t\t<\/div> \t\t<div class=\"elementor-element elementor-element-2d3088d e-con-full e-flex e-con e-parent\" data-id=\"2d3088d\" data-element_type=\"container\" data-e-type=\"container\" data-settings=\"{&quot;background_background&quot;:&quot;classic&quot;}\"> \t\t<div class=\"elementor-element elementor-element-d75050c e-con-full e-flex e-con e-child\" data-id=\"d75050c\" data-element_type=\"container\" data-e-type=\"container\" data-settings=\"{&quot;background_background&quot;:&quot;classic&quot;}\"> \t\t\t\t<div class=\"elementor-element elementor-element-3cb256e elementor-widget elementor-widget-spacer\" data-id=\"3cb256e\" data-element_type=\"widget\" data-e-type=\"widget\" data-widget_type=\"spacer.default\"> \t\t\t\t\t\t\t<div class=\"elementor-spacer\"> \t\t\t<div class=\"elementor-spacer-inner\"><\/div> \t\t<\/div> \t\t\t\t\t\t<\/div> \t\t\t\t<\/div> \t\t<div class=\"elementor-element elementor-element-7edc168 e-con-full e-flex e-con e-child\" data-id=\"7edc168\" data-element_type=\"container\" data-e-type=\"container\"> \t\t\t\t<div class=\"elementor-element elementor-element-c8b7535 elementor-widget elementor-widget-spacer\" data-id=\"c8b7535\" data-element_type=\"widget\" data-e-type=\"widget\" data-widget_type=\"spacer.default\"> \t\t\t\t\t\t\t<div class=\"elementor-spacer\"> \t\t\t<div class=\"elementor-spacer-inner\"><\/div> \t\t<\/div> \t\t\t\t\t\t<\/div> \t\t\t\t<div class=\"elementor-element elementor-element-daab36c text-left elementor-widget elementor-widget-tp-heading-title\" data-id=\"daab36c\" data-element_type=\"widget\" data-e-type=\"widget\" data-widget_type=\"tp-heading-title.default\"> \t\t\t\t\t<div class=\"heading heading_style heading_style69ea20902a97f style-1\" ><div class=\"sub-style\"  ><div class=\"head-title\" > <h2  class=\"heading-title\"   data-hover=\"Our \">Unser <span class=\"title-s\"> Geschichte <\/span><\/h2><\/div><\/div><\/div>\t\t\t\t<\/div> \t\t\t\t<div class=\"elementor-element elementor-element-9996b31 elementor-widget elementor-widget-tp-adv-text-block\" data-id=\"9996b31\" data-element_type=\"widget\" data-e-type=\"widget\" data-widget_type=\"tp-adv-text-block.default\"> \t\t\t\t\t<div class=\"pt-plus-text-block-wrapper\" data-tp-gsap-textblock=\"\" ><div class=\"text_block_parallax\"><div class=\"pt_plus_adv_text_block\" ><div class=\"text-content-block\"><p>Taizy Machinery Equipment Co., Ltd. wurde 2011 gegr\u00fcndet und ist ein Hersteller von Gem\u00fcse- und Obstverarbeitungsger\u00e4ten.<\/p><p>Derzeit bietet Taizy Machinery haupts\u00e4chlich Ger\u00e4te f\u00fcr die Gem\u00fcse- und Obstverarbeitung an. Einschlie\u00dflich Gem\u00fcse- und Obstreinigungsger\u00e4te, Gem\u00fcseschneideger\u00e4te, Fruchtsaftextraktionsger\u00e4te, Gem\u00fcse- und Obsttrocknungsger\u00e4te usw. Dar\u00fcber hinaus bietet Taizy auch Gem\u00fcse- und Obstproduktionslinien an, wie z. B. Wasch- und Trocknungslinien sowie Gem\u00fcsewasch- und Schneideverpackungen Produktionslinien, Wasch- und Trocknungslinien usw.<\/p><\/div><\/div><\/div><\/div>\t\t\t\t<\/div> \t\t\t\t<div class=\"elementor-element elementor-element-0b1d869 elementor-widget elementor-widget-tp-adv-text-block\" data-id=\"0b1d869\" data-element_type=\"widget\" data-e-type=\"widget\" data-widget_type=\"tp-adv-text-block.default\"> \t\t\t\t\t<div class=\"pt-plus-text-block-wrapper\" data-tp-gsap-textblock=\"\" ><div class=\"text_block_parallax\"><div class=\"pt_plus_adv_text_block\" ><div class=\"text-content-block\"><p>Taizy Machinery ist bestrebt, Kunden auf der ganzen Welt hochwertige mechanische Produkte und perfekte Dienstleistungen anzubieten. Lassen Sie zu, dass sich automatisierte Maschinen \u00fcber die ganze Welt verbreiten und die Produktion und den Lebensstil der Kunden ver\u00e4ndern. Seit seiner Gr\u00fcndung hat Taizy stets an diesem Konzept festgehalten und zahlreiche herausragende Gesch\u00e4ftstalente und technisches Personal rekrutiert, um dieses zu erreichen.<\/p><\/div><\/div><\/div><\/div>\t\t\t\t<\/div> \t\t\t\t<div class=\"elementor-element elementor-element-3e5d015 elementor-widget elementor-widget-tp-adv-text-block\" data-id=\"3e5d015\" data-element_type=\"widget\" data-e-type=\"widget\" data-widget_type=\"tp-adv-text-block.default\"> \t\t\t\t\t<div class=\"pt-plus-text-block-wrapper\" data-tp-gsap-textblock=\"\" ><div class=\"text_block_parallax\"><div class=\"pt_plus_adv_text_block\" ><div class=\"text-content-block\"><p>Was kann Taizy Machinery Ihnen bieten?<\/p><\/div><\/div><\/div><\/div>\t\t\t\t<\/div> \t\t\t\t<div class=\"elementor-element elementor-element-e686fba elementor-widget elementor-widget-tp-adv-text-block\" data-id=\"e686fba\" data-element_type=\"widget\" data-e-type=\"widget\" data-widget_type=\"tp-adv-text-block.default\"> \t\t\t\t\t<div class=\"pt-plus-text-block-wrapper\" data-tp-gsap-textblock=\"\" ><div class=\"text_block_parallax\"><div class=\"pt_plus_adv_text_block\" ><div class=\"text-content-block\"><ul><li><strong>Hochwertige mechanische Produkte<\/strong><br \/>Wir verf\u00fcgen \u00fcber professionelle Ingenieure, die mechanische Produkte entwerfen. Die Produkte werden nach der Produktion von der Inspektionsabteilung gepr\u00fcft, um sicherzustellen, dass die Maschine den Anforderungen der Marktkunden entspricht. Und wir h\u00f6ren uns ausf\u00fchrlich die Meinungen unserer Kunden an und aktualisieren die Maschinen kontinuierlich iterativ.<\/li><li><strong>Professioneller technischer Service<\/strong><br \/>Nach mehr als zehn Jahren Exporterfahrung verf\u00fcgt Taizy \u00fcber eine Gruppe professioneller technischer Servicemitarbeiter. Unser technisches Servicepersonal dient ausschlie\u00dflich der Erf\u00fcllung der Kundenbed\u00fcrfnisse. Unser technisches Servicepersonal kann kundenspezifische Maschinenpl\u00e4ne und Fabrikplatzierungspl\u00e4ne entsprechend den Kundenanforderungen erstellen.<\/li><li><strong>Perfekter Pre-Sales- und After-Sales-Service<br \/><\/strong>Taizy Machinery verf\u00fcgt \u00fcber eine Gruppe professioneller Gesch\u00e4ftsleute. Unsere Gesch\u00e4ftsmitarbeiter k\u00f6nnen professionelle Angebote entsprechend den Kundenbed\u00fcrfnissen formulieren, die Arbeitsleistung der Maschine detailliert und konkret vorstellen, umfassende Gebrauchsanweisungen geben und so weiter. Dar\u00fcber hinaus bieten wir unseren Kunden auch einen umfassenden After-Sales-Service. Sollten w\u00e4hrend Ihrer Nutzung Probleme auftreten, helfen wir Ihnen, diese so schnell wie m\u00f6glich zu l\u00f6sen.<\/li><\/ul><\/div><\/div><\/div><\/div>\t\t\t\t<\/div> \t\t\t\t<div class=\"elementor-element elementor-element-d2c1781 elementor-widget elementor-widget-tp-button\" data-id=\"d2c1781\" data-element_type=\"widget\" data-e-type=\"widget\" data-widget_type=\"tp-button.default\"> \t\t\t\t\t<div class=\"pt-plus-button-wrapper   text-left\"><div class=\"button_parallax\" ><div id=\"button69ea20902c891\"  class=\"text-left ts-button content_hover_effect\" ><div class=\"pt_plus_button btn69ea20902c54a button-style-18\"  ><div class=\"animted-content-inner\"><a href=\"#\" class=\"button-link-wrap\" role=\"button\" data-hover=\"READ MORE\"  ><span>MEHR LESEN<\/span><\/a><\/div><\/div><\/div><\/div><\/div>\t\t\t\t<\/div> \t\t\t\t<div class=\"elementor-element elementor-element-c036d7e elementor-widget elementor-widget-spacer\" data-id=\"c036d7e\" data-element_type=\"widget\" data-e-type=\"widget\" data-widget_type=\"spacer.default\"> \t\t\t\t\t\t\t<div class=\"elementor-spacer\"> \t\t\t<div class=\"elementor-spacer-inner\"><\/div> \t\t<\/div> \t\t\t\t\t\t<\/div> \t\t\t\t<\/div> \t\t\t\t<\/div> \t\t\t\t<\/div>","protected":false},"excerpt":{"rendered":"<p>Taizy Machinery Fruit and vegetable processing equipment manufacturer Focus Focus on the research and development, production and sales of fruit and vegetable processing equipment Professional With professional technical personnel and sales and after-sales personnel, we will wholeheartedly provide you with professional products and services Quick Reply We provide 7*24 hours customer service, provide customers with [&hellip;]<\/p>\n","protected":false},"author":1,"featured_media":0,"parent":0,"menu_order":0,"comment_status":"closed","ping_status":"closed","template":"","meta":{"_acf_changed":false,"footnotes":""},"class_list":["post-6","page","type-page","status-publish","hentry"],"acf":[],"_links":{"self":[{"href":"https:\/\/taizymachinery.com\/de\/wp-json\/wp\/v2\/pages\/6","targetHints":{"allow":["GET"]}}],"collection":[{"href":"https:\/\/taizymachinery.com\/de\/wp-json\/wp\/v2\/pages"}],"about":[{"href":"https:\/\/taizymachinery.com\/de\/wp-json\/wp\/v2\/types\/page"}],"author":[{"embeddable":true,"href":"https:\/\/taizymachinery.com\/de\/wp-json\/wp\/v2\/users\/1"}],"replies":[{"embeddable":true,"href":"https:\/\/taizymachinery.com\/de\/wp-json\/wp\/v2\/comments?post=6"}],"version-history":[{"count":9,"href":"https:\/\/taizymachinery.com\/de\/wp-json\/wp\/v2\/pages\/6\/revisions"}],"predecessor-version":[{"id":2544,"href":"https:\/\/taizymachinery.com\/de\/wp-json\/wp\/v2\/pages\/6\/revisions\/2544"}],"wp:attachment":[{"href":"https:\/\/taizymachinery.com\/de\/wp-json\/wp\/v2\/media?parent=6"}],"curies":[{"name":"wp","href":"https:\/\/api.w.org\/{rel}","templated":true}]}}